{"id":357,"date":"2019-10-15T04:41:33","date_gmt":"2019-10-15T04:41:33","guid":{"rendered":"http:\/\/bdevs.net\/theme\/torun\/?page_id=357"},"modified":"2023-05-08T13:34:48","modified_gmt":"2023-05-08T13:34:48","slug":"%e4%bc%9a%e7%a4%be%e6%a6%82%e8%a6%81","status":"publish","type":"page","link":"https:\/\/tgedu.com.vn\/en\/%e4%bc%9a%e7%a4%be%e6%a6%82%e8%a6%81\/","title":{"rendered":"About Us"},"content":{"rendered":"<div data-elementor-type=\"wp-page\" data-elementor-id=\"357\" class=\"elementor elementor-357\">\n\t\t\t\t\t\t\t\t\t<section class=\"elementor-section elementor-top-section elementor-element elementor-element-72c6fc2 about-area elementor-section-boxed elementor-section-height-default elementor-section-height-default\" data-id=\"72c6fc2\" data-element_type=\"section\">\n\t\t\t\t\t\t<div class=\"elementor-container elementor-column-gap-extended\">\n\t\t\t\t\t<div class=\"elementor-column elementor-col-50 elementor-top-column elementor-element elementor-element-fa10829\" data-id=\"fa10829\" data-element_type=\"column\">\n\t\t\t<div class=\"elementor-widget-wrap elementor-element-populated\">\n\t\t\t\t\t\t\t\t<div class=\"elementor-element elementor-element-6c75894 about-img elementor-widget elementor-widget-image\" data-id=\"6c75894\" data-element_type=\"widget\" data-widget_type=\"image.default\">\n\t\t\t\t<div class=\"elementor-widget-container\">\n\t\t\t<style>\/*! elementor - v3.8.0 - 30-10-2022 *\/\n.elementor-widget-image{text-align:center}.elementor-widget-image a{display:inline-block}.elementor-widget-image a img[src$=\".svg\"]{width:48px}.elementor-widget-image img{vertical-align:middle;display:inline-block}<\/style>\t\t\t\t\t\t\t\t\t\t\t\t<img decoding=\"async\" src=\"https:\/\/tgedu.com.vn\/wp-content\/uploads\/2022\/11\/1-1-1.jpg\" title=\"1 (1)\" alt=\"1 (1)\" \/>\t\t\t\t\t\t\t\t\t\t\t\t\t\t\t<\/div>\n\t\t\t\t<\/div>\n\t\t\t\t\t<\/div>\n\t\t<\/div>\n\t\t\t\t<div class=\"elementor-column elementor-col-50 elementor-top-column elementor-element elementor-element-e233d00\" data-id=\"e233d00\" data-element_type=\"column\">\n\t\t\t<div class=\"elementor-widget-wrap elementor-element-populated\">\n\t\t\t\t\t\t\t\t<div class=\"elementor-element elementor-element-8e8f224 elementor-align-justify elementor-widget elementor-widget-bdevs-about\" data-id=\"8e8f224\" data-element_type=\"widget\" data-widget_type=\"bdevs-about.default\">\n\t\t\t\t<div class=\"elementor-widget-container\">\n\t\t\t\t\t\t<div class=\"about-wrapper-box\">\r\n\t            <div class=\"about-text\">\r\n\t            \t\t \r\n\r\n\t\t\t\t\t\t\t\t\t\t\t<h1 style=\"; ; ; ;\">Dear Customers! <span style=\"; ;\"> <\/span><\/h1>\r\n\t\t\t\t\t\t\r\n\r\n\t\t\t\t\t\t\t\t\t\t\t<p style=\"; ;\"><br>\nThanh Giang Investment and Development Co., Ltd (\u201cTG Vietnam\u201d) is an company that introduces and provides Vietnamese human resources is a company that introduces and provides Vietnamese human resources. The Vietnamese are considered smart, skillful, and hard-working. Besides TG Vietnam is also a unit specializing in promoting, connecting and consulting investment with the goal of \"A bridge linking foreign and Vietnamese investors\".\n<br>\n\nWe introduce and provide Vietnamese human resources who are considered smart, skillful, and hard-working.\n<br>\nSince 2015, we have been willing to satisfy all the human resource demands of our customers and partners, including trainees and technicians. We are committed to providing our customers with high-quality human resources as well as investment plans and trade strategies. By achieving production and business goals, they strongly enhance their competitiveness in the global market..\n<br>\nWith relentless efforts to complete our strengths, we are confident in providing the best quality services in parallel with advanced technology to you. Our principle is to create a sustainable trust value with customers and partners\n<br>\n\nWe look forward to working closely with you.\n<br>\n<br>\nRepresentative Director\n<br>\nMs. Nguy\u1ec5n Th\u1ecb H\u1ed3ng H\u1ea1nh\n<br>\n<p><\/p><\/p>\r\n\t\t\t\t\t\t\r\n\r\n\t\t\t\t\t\r\n\t            <\/div>\r\n\r\n\t        \t        \t<\/div>\r\n\r\n\t\t\t\r\n\t\t\t<\/div>\n\t\t\t\t<\/div>\n\t\t\t\t\t<\/div>\n\t\t<\/div>\n\t\t\t\t\t\t\t<\/div>\n\t\t<\/section>\n\t\t\t\t<section class=\"elementor-section elementor-top-section elementor-element elementor-element-6b66c44 elementor-section-boxed elementor-section-height-default elementor-section-height-default\" data-id=\"6b66c44\" data-element_type=\"section\">\n\t\t\t\t\t\t<div class=\"elementor-container elementor-column-gap-default\">\n\t\t\t\t\t<div class=\"elementor-column elementor-col-100 elementor-top-column elementor-element elementor-element-ac95733\" data-id=\"ac95733\" data-element_type=\"column\">\n\t\t\t<div class=\"elementor-widget-wrap elementor-element-populated\">\n\t\t\t\t\t\t\t\t<div class=\"elementor-element elementor-element-df1e495 elementor-widget elementor-widget-heading\" data-id=\"df1e495\" data-element_type=\"widget\" data-widget_type=\"heading.default\">\n\t\t\t\t<div class=\"elementor-widget-container\">\n\t\t\t<style>\/*! elementor - v3.8.0 - 30-10-2022 *\/\n.elementor-heading-title{padding:0;margin:0;line-height:1}.elementor-widget-heading .elementor-heading-title[class*=elementor-size-]>a{color:inherit;font-size:inherit;line-height:inherit}.elementor-widget-heading .elementor-heading-title.elementor-size-small{font-size:15px}.elementor-widget-heading .elementor-heading-title.elementor-size-medium{font-size:19px}.elementor-widget-heading .elementor-heading-title.elementor-size-large{font-size:29px}.elementor-widget-heading .elementor-heading-title.elementor-size-xl{font-size:39px}.elementor-widget-heading .elementor-heading-title.elementor-size-xxl{font-size:59px}<\/style><h2 class=\"elementor-heading-title elementor-size-default\">About Us<\/h2>\t\t<\/div>\n\t\t\t\t<\/div>\n\t\t\t\t<div class=\"elementor-element elementor-element-25f561a elementor-widget elementor-widget-text-editor\" data-id=\"25f561a\" data-element_type=\"widget\" data-widget_type=\"text-editor.default\">\n\t\t\t\t<div class=\"elementor-widget-container\">\n\t\t\t<style>\/*! elementor - v3.8.0 - 30-10-2022 *\/\n.elementor-widget-text-editor.elementor-drop-cap-view-stacked .elementor-drop-cap{background-color:#818a91;color:#fff}.elementor-widget-text-editor.elementor-drop-cap-view-framed .elementor-drop-cap{color:#818a91;border:3px solid;background-color:transparent}.elementor-widget-text-editor:not(.elementor-drop-cap-view-default) .elementor-drop-cap{margin-top:8px}.elementor-widget-text-editor:not(.elementor-drop-cap-view-default) .elementor-drop-cap-letter{width:1em;height:1em}.elementor-widget-text-editor .elementor-drop-cap{float:left;text-align:center;line-height:1;font-size:50px}.elementor-widget-text-editor .elementor-drop-cap-letter{display:inline-block}<\/style>\t\t\t\t<p>\n<table id=\"tablepress-1\" class=\"tablepress tablepress-id-1 my-class\">\n<tbody>\n<tr class=\"row-1 odd\">\n\t<td class=\"column-1\">Company name<\/td><td class=\"column-2\">TG INVESCO Co.,Ltd.<\/td>\n<\/tr>\n<tr class=\"row-2 even\">\n\t<td class=\"column-1\">Establishment<\/td><td class=\"column-2\">In May 2006: Established Human Resource Training Support Center<br \/>\nIn December 2015: Established TG INVESCO CO.,LTD.<br \/>\n<\/td>\n<\/tr>\n<tr class=\"row-3 odd\">\n\t<td class=\"column-1\">Services<\/td><td class=\"column-2\">1. Provide jobs abroad for high quality labors and technicians.<br \/>\n2. Consult \u2013 Approve foreigner unskilled labors<br \/>\n3. Provide trainees for international internship.<br \/>\n4. Study abroad consulting in Korea, Japan\u2026<br \/>\n5. Support foreign workers training<br \/>\n6. BPO service<br \/>\n7. Business and Investment Consultancy<br \/>\n8. Import and export\u2026<br \/>\n<\/td>\n<\/tr>\n<tr class=\"row-4 even\">\n\t<td class=\"column-1\">Legal representative<\/td><td class=\"column-2\">Representative Director: NGUYEN THI HONG HANH<br \/>\n<\/td>\n<\/tr>\n<tr class=\"row-5 odd\">\n\t<td colspan=\"2\" class=\"column-1\">Vietnam Head Office<\/td>\n<\/tr>\n<tr class=\"row-6 even\">\n\t<td class=\"column-1\">Headquarters:<\/td><td class=\"column-2\">No1 E7, Truong Phat, Truong An, An Khanh, Hoai Duc, Ha Noi, Viet Nam<br \/>\nTel:     +84-24-6663-3188<br \/>\nFax: +84-24-3326-1666<br \/>\n<\/td>\n<\/tr>\n<tr class=\"row-7 odd\">\n\t<td colspan=\"2\" class=\"column-1\">The representative offices overseas<\/td>\n<\/tr>\n<tr class=\"row-8 even\">\n\t<td class=\"column-1\">Japan<\/td><td class=\"column-2\">Subsidiary company:<br \/>\nTG Seikosha Joint Stock Company<br \/>\n\u3012105-0004 Tokyo-to, Minato-ku, Shinbashi 2 Chome - 11 - 5, Hasegawa Building<br \/>\n<\/td>\n<\/tr>\n<tr class=\"row-9 odd\">\n\t<td class=\"column-1\">Korea<\/td><td class=\"column-2\">Subsidiary company:<br \/>\nTG KOREA Joint Stock Company<br \/>\n\u301222636\u3000820,8F 153, Wanjeong-ro, Seo-gu, Incheon, Korea<\/td>\n<\/tr>\n<\/tbody>\n<\/table>\n<!-- #tablepress-1 from cache --><\/p>\t\t\t\t\t\t<\/div>\n\t\t\t\t<\/div>\n\t\t\t\t\t<\/div>\n\t\t<\/div>\n\t\t\t\t\t\t\t<\/div>\n\t\t<\/section>\n\t\t\t\t<section class=\"elementor-section elementor-top-section elementor-element elementor-element-681a5cb elementor-section-boxed elementor-section-height-default elementor-section-height-default\" data-id=\"681a5cb\" data-element_type=\"section\">\n\t\t\t\t\t\t<div class=\"elementor-container elementor-column-gap-default\">\n\t\t\t\t\t<div class=\"elementor-column elementor-col-100 elementor-top-column elementor-element elementor-element-3300b08\" data-id=\"3300b08\" data-element_type=\"column\">\n\t\t\t<div class=\"elementor-widget-wrap elementor-element-populated\">\n\t\t\t\t\t\t\t\t<div class=\"elementor-element elementor-element-abfd574 elementor-widget elementor-widget-heading\" data-id=\"abfd574\" data-element_type=\"widget\" data-widget_type=\"heading.default\">\n\t\t\t\t<div class=\"elementor-widget-container\">\n\t\t\t<h4 class=\"elementor-heading-title elementor-size-default\">Access Map<\/h4>\t\t<\/div>\n\t\t\t\t<\/div>\n\t\t\t\t<div class=\"elementor-element elementor-element-da73ba9 elementor-widget elementor-widget-google_maps\" data-id=\"da73ba9\" data-element_type=\"widget\" data-widget_type=\"google_maps.default\">\n\t\t\t\t<div class=\"elementor-widget-container\">\n\t\t\t<style>\/*! elementor - v3.8.0 - 30-10-2022 *\/\n.elementor-widget-google_maps .elementor-widget-container{overflow:hidden}.elementor-widget-google_maps iframe{height:300px}<\/style>\t\t<div class=\"elementor-custom-embed\">\n\t\t\t<iframe frameborder=\"0\" scrolling=\"no\" marginheight=\"0\" marginwidth=\"0\"\n\t\t\t\t\tsrc=\"https:\/\/maps.google.com\/maps?q=XPWM%2BJ4C%2C%20An%20Kh%C3%A1nh%2C%20Ho%C3%A0i%20%C4%90%E1%BB%A9c%2C%20H%C3%A0%20N%E1%BB%99i&#038;t=m&#038;z=15&#038;output=embed&#038;iwloc=near\"\n\t\t\t\t\ttitle=\"XPWM+J4C, An Kh\u00e1nh, Ho\u00e0i \u0110\u1ee9c, H\u00e0 N\u1ed9i\"\n\t\t\t\t\taria-label=\"XPWM+J4C, An Kh\u00e1nh, Ho\u00e0i \u0110\u1ee9c, H\u00e0 N\u1ed9i\"\n\t\t\t><\/iframe>\n\t\t<\/div>\n\t\t\t\t<\/div>\n\t\t\t\t<\/div>\n\t\t\t\t<div class=\"elementor-element elementor-element-113c04c elementor-widget elementor-widget-spacer\" data-id=\"113c04c\" data-element_type=\"widget\" data-widget_type=\"spacer.default\">\n\t\t\t\t<div class=\"elementor-widget-container\">\n\t\t\t<style>\/*! elementor - v3.8.0 - 30-10-2022 *\/\n.elementor-column .elementor-spacer-inner{height:var(--spacer-size)}.e-con{--container-widget-width:100%}.e-con-inner>.elementor-widget-spacer,.e-con>.elementor-widget-spacer{width:var(--container-widget-width,var(--spacer-size));-ms-flex-item-align:stretch;align-self:stretch;-ms-flex-negative:0;flex-shrink:0}.e-con-inner>.elementor-widget-spacer>.elementor-widget-container,.e-con-inner>.elementor-widget-spacer>.elementor-widget-container>.elementor-spacer,.e-con>.elementor-widget-spacer>.elementor-widget-container,.e-con>.elementor-widget-spacer>.elementor-widget-container>.elementor-spacer{height:100%}.e-con-inner>.elementor-widget-spacer>.elementor-widget-container>.elementor-spacer>.elementor-spacer-inner,.e-con>.elementor-widget-spacer>.elementor-widget-container>.elementor-spacer>.elementor-spacer-inner{height:var(--container-widget-height,var(--spacer-size))}<\/style>\t\t<div class=\"elementor-spacer\">\n\t\t\t<div class=\"elementor-spacer-inner\"><\/div>\n\t\t<\/div>\n\t\t\t\t<\/div>\n\t\t\t\t<\/div>\n\t\t\t\t\t<\/div>\n\t\t<\/div>\n\t\t\t\t\t\t\t<\/div>\n\t\t<\/section>\n\t\t\t\t\t\t\t<\/div>","protected":false},"excerpt":{"rendered":"<p>\u3054\u6328\u62f6 TG INVESCO Co.,Ltd.\u306e\u5275\u8a2d\u30c1\u30fc\u30e0\u306f\u3001\u7559\u5b66\u306a\u3069\u3067\u65e5\u672c\u3068\u3044\u304f\u3064\u304b\u306e\u30e8\u30fc\u30ed\u30c3\u30d1\u8af8\u56fd\u306b\u4f4f\u307f\u3001 [&hellip;]<\/p>","protected":false},"author":1,"featured_media":0,"parent":0,"menu_order":0,"comment_status":"closed","ping_status":"closed","template":"elementor_header_footer","meta":{"_monsterinsights_skip_tracking":false,"_monsterinsights_sitenote_active":false,"_monsterinsights_sitenote_note":"","_monsterinsights_sitenote_category":0,"footnotes":""},"class_list":["post-357","page","type-page","status-publish","hentry"],"_links":{"self":[{"href":"https:\/\/tgedu.com.vn\/en\/wp-json\/wp\/v2\/pages\/357","targetHints":{"allow":["GET"]}}],"collection":[{"href":"https:\/\/tgedu.com.vn\/en\/wp-json\/wp\/v2\/pages"}],"about":[{"href":"https:\/\/tgedu.com.vn\/en\/wp-json\/wp\/v2\/types\/page"}],"author":[{"embeddable":true,"href":"https:\/\/tgedu.com.vn\/en\/wp-json\/wp\/v2\/users\/1"}],"replies":[{"embeddable":true,"href":"https:\/\/tgedu.com.vn\/en\/wp-json\/wp\/v2\/comments?post=357"}],"version-history":[{"count":34,"href":"https:\/\/tgedu.com.vn\/en\/wp-json\/wp\/v2\/pages\/357\/revisions"}],"predecessor-version":[{"id":2872,"href":"https:\/\/tgedu.com.vn\/en\/wp-json\/wp\/v2\/pages\/357\/revisions\/2872"}],"wp:attachment":[{"href":"https:\/\/tgedu.com.vn\/en\/wp-json\/wp\/v2\/media?parent=357"}],"curies":[{"name":"wp","href":"https:\/\/api.w.org\/{rel}","templated":true}]}}