{"id":2095,"date":"2022-11-14T15:31:21","date_gmt":"2022-11-14T15:31:21","guid":{"rendered":"https:\/\/tgedu.com.vn\/?page_id=2095"},"modified":"2022-11-14T15:39:38","modified_gmt":"2022-11-14T15:39:38","slug":"%e3%83%96%e3%83%ad%e3%82%b0","status":"publish","type":"page","link":"https:\/\/tgedu.com.vn\/vi\/%e3%83%96%e3%83%ad%e3%82%b0\/","title":{"rendered":"Blog"},"content":{"rendered":"<div data-elementor-type=\"wp-page\" data-elementor-id=\"2095\" class=\"elementor elementor-2095\">\n\t\t\t\t\t\t\t\t\t<section class=\"elementor-section elementor-top-section elementor-element elementor-element-f02b734 elementor-section-boxed elementor-section-height-default elementor-section-height-default\" data-id=\"f02b734\" data-element_type=\"section\">\n\t\t\t\t\t\t<div class=\"elementor-container elementor-column-gap-default\">\n\t\t\t\t\t<div class=\"elementor-column elementor-col-100 elementor-top-column elementor-element elementor-element-4f40ce9\" data-id=\"4f40ce9\" data-element_type=\"column\">\n\t\t\t<div class=\"elementor-widget-wrap elementor-element-populated\">\n\t\t\t\t\t\t\t\t<div class=\"elementor-element elementor-element-3993247 elementor-widget elementor-widget-image\" data-id=\"3993247\" data-element_type=\"widget\" data-widget_type=\"image.default\">\n\t\t\t\t<div class=\"elementor-widget-container\">\n\t\t\t<style>\/*! elementor - v3.8.0 - 30-10-2022 *\/\n.elementor-widget-image{text-align:center}.elementor-widget-image a{display:inline-block}.elementor-widget-image a img[src$=\".svg\"]{width:48px}.elementor-widget-image img{vertical-align:middle;display:inline-block}<\/style>\t\t\t\t\t\t\t\t\t\t\t\t<img loading=\"lazy\" decoding=\"async\" width=\"583\" height=\"548\" src=\"https:\/\/tgedu.com.vn\/wp-content\/uploads\/2022\/11\/Blog-SV.jpg\" class=\"attachment-full size-full\" alt=\"\" srcset=\"https:\/\/tgedu.com.vn\/wp-content\/uploads\/2022\/11\/Blog-SV.jpg 583w, https:\/\/tgedu.com.vn\/wp-content\/uploads\/2022\/11\/Blog-SV-300x282.jpg 300w, https:\/\/tgedu.com.vn\/wp-content\/uploads\/2022\/11\/Blog-SV-13x12.jpg 13w\" sizes=\"auto, (max-width: 583px) 100vw, 583px\" \/>\t\t\t\t\t\t\t\t\t\t\t\t\t\t\t<\/div>\n\t\t\t\t<\/div>\n\t\t\t\t\t<\/div>\n\t\t<\/div>\n\t\t\t\t\t\t\t<\/div>\n\t\t<\/section>\n\t\t\t\t<section class=\"elementor-section elementor-top-section elementor-element elementor-element-0a927ac elementor-section-boxed elementor-section-height-default elementor-section-height-default\" data-id=\"0a927ac\" data-element_type=\"section\">\n\t\t\t\t\t\t<div class=\"elementor-container elementor-column-gap-default\">\n\t\t\t\t\t<div class=\"elementor-column elementor-col-100 elementor-top-column elementor-element elementor-element-62a62f6\" data-id=\"62a62f6\" data-element_type=\"column\">\n\t\t\t<div class=\"elementor-widget-wrap elementor-element-populated\">\n\t\t\t\t\t\t\t\t<div class=\"elementor-element elementor-element-7e27bf5 elementor-widget elementor-widget-testimonial\" data-id=\"7e27bf5\" data-element_type=\"widget\" data-widget_type=\"testimonial.default\">\n\t\t\t\t<div class=\"elementor-widget-container\">\n\t\t\t<style>\/*! elementor - v3.8.0 - 30-10-2022 *\/\n.elementor-testimonial-wrapper{overflow:hidden;text-align:center}.elementor-testimonial-wrapper .elementor-testimonial-content{font-size:1.3em;margin-bottom:20px}.elementor-testimonial-wrapper .elementor-testimonial-name{line-height:1.5;display:block}.elementor-testimonial-wrapper .elementor-testimonial-job{font-size:.85em;display:block}.elementor-testimonial-wrapper .elementor-testimonial-meta{width:100%;line-height:1}.elementor-testimonial-wrapper .elementor-testimonial-meta-inner{display:inline-block}.elementor-testimonial-wrapper .elementor-testimonial-meta .elementor-testimonial-details,.elementor-testimonial-wrapper .elementor-testimonial-meta .elementor-testimonial-image{display:table-cell;vertical-align:middle}.elementor-testimonial-wrapper .elementor-testimonial-meta .elementor-testimonial-image img{width:60px;height:60px;border-radius:50%;-o-object-fit:cover;object-fit:cover;max-width:none}.elementor-testimonial-wrapper .elementor-testimonial-meta.elementor-testimonial-image-position-aside .elementor-testimonial-image{padding-right:15px}.elementor-testimonial-wrapper .elementor-testimonial-meta.elementor-testimonial-image-position-aside .elementor-testimonial-details{text-align:left}.elementor-testimonial-wrapper .elementor-testimonial-meta.elementor-testimonial-image-position-top .elementor-testimonial-details,.elementor-testimonial-wrapper .elementor-testimonial-meta.elementor-testimonial-image-position-top .elementor-testimonial-image{display:block}.elementor-testimonial-wrapper .elementor-testimonial-meta.elementor-testimonial-image-position-top .elementor-testimonial-image{margin-bottom:20px}<\/style>\t\t<div class=\"elementor-testimonial-wrapper\">\n\t\t\t\t\t\t\t<div class=\"elementor-testimonial-content\">\"Kh\u00f3a th\u1ef1c t\u1eadp \u0111em l\u1ea1i cho em nh\u1eefng b\u00e0i h\u1ecdc qu\u00fd b\u00e1u, nhi\u1ec1u tr\u1ea3i nghi\u1ec7m th\u00fa v\u1ecb. Ti\u1ebfng Nh\u1eadt c\u1ee7a em t\u1ed1t l\u00ean r\u1ea5t nhi\u1ec1u, em \u0111\u00e3 \u0111\u1eadu N2 trong qu\u00e1 tr\u00ecnh th\u1ef1c t\u1eadp. Ngo\u00e0i ra, \u0111\u1ea5t n\u01b0\u1edbc Nh\u1eadt B\u1ea3n r\u1ea5t s\u1ea1ch s\u1ebd, r\u00e1c \u0111\u01b0\u1ee3c ph\u00e2n lo\u1ea1i v\u00e0 thu gom r\u1ea5t khoa h\u1ecdc. Em s\u1ebd c\u1ed1 g\u1eafng h\u1ecdc c\u1ea3 nh\u1eefng \u0111i\u1ec3m n\u00e0y khi s\u1ed1ng \u1edf Vi\u1ec7t Nam. Sau khi t\u1ed1t nghi\u1ec7p em mu\u1ed1n quay l\u1ea1i Nh\u1eadt l\u00e0m vi\u1ec7c. \"<\/div>\n\t\t\t\n\t\t\t\t\t\t<div class=\"elementor-testimonial-meta\">\n\t\t\t\t<div class=\"elementor-testimonial-meta-inner\">\n\t\t\t\t\t\n\t\t\t\t\t\t\t\t\t\t<div class=\"elementor-testimonial-details\">\n\t\t\t\t\t\t\t\t\t\t\t\t\t\t<div class=\"elementor-testimonial-name\">H\u01b0\u01a1ng Giang<\/div>\n\t\t\t\t\t\t\t\t\t\t\t\t\t\t\t\t\t\t\t\t\t\t<div class=\"elementor-testimonial-job\">SV ng\u00f4n ng\u1eef Nh\u1eadt<\/div>\n\t\t\t\t\t\t\t\t\t\t\t\t\t<\/div>\n\t\t\t\t\t\t\t\t\t<\/div>\n\t\t\t<\/div>\n\t\t\t\t\t<\/div>\n\t\t\t\t<\/div>\n\t\t\t\t<\/div>\n\t\t\t\t\t<\/div>\n\t\t<\/div>\n\t\t\t\t\t\t\t<\/div>\n\t\t<\/section>\n\t\t\t\t<section class=\"elementor-section elementor-top-section elementor-element elementor-element-b719d3a elementor-section-boxed elementor-section-height-default elementor-section-height-default\" data-id=\"b719d3a\" data-element_type=\"section\">\n\t\t\t\t\t\t<div class=\"elementor-container elementor-column-gap-default\">\n\t\t\t\t\t<div class=\"elementor-column elementor-col-100 elementor-top-column elementor-element elementor-element-1a3cd22\" data-id=\"1a3cd22\" data-element_type=\"column\">\n\t\t\t<div class=\"elementor-widget-wrap elementor-element-populated\">\n\t\t\t\t\t\t\t\t<div class=\"elementor-element elementor-element-f2e5e23 elementor-widget elementor-widget-testimonial\" data-id=\"f2e5e23\" data-element_type=\"widget\" data-widget_type=\"testimonial.default\">\n\t\t\t\t<div class=\"elementor-widget-container\">\n\t\t\t\t\t<div class=\"elementor-testimonial-wrapper\">\n\t\t\t\t\t\t\t<div class=\"elementor-testimonial-content\">\"Em ch\u01b0a bao gi\u1edd ngh\u0129 h\u1ecdc ng\u00e0nh k\u1ebf to\u00e1n c\u00f3 th\u1ec3 \u0111i th\u1ef1c t\u1eadp \u0111\u01b0\u1ee3c t\u1ea1i Nh\u1eadt B\u1ea3n. M\u1ed9t n\u0103m th\u1ef1c t\u1eadp qu\u1ea3 l\u00e0 m\u1ed9t tr\u1ea3i nghi\u1ec7m \u0111\u00e1ng nh\u1edb, em r\u1ea5t vui. Nh\u1eadt B\u1ea3n s\u1ea1ch v\u00e0 r\u1ea5t \u0111\u1eb9p. Em r\u1ea5t th\u00edch hoa anh \u0111\u00e0o, ph\u00e1o hoa hay l\u1ec5 h\u1ed9i \u00e1nh s\u00e1ng\u2026 Sau n\u00e0y c\u00f3 \u0111i\u1ec1u ki\u1ec7n em s\u1ebd d\u1eabn c\u1ea3 gia \u0111\u00ecnh sang Nh\u1eadt du l\u1ecbch. C\u00e1m \u01a1n anh ch\u1ecb ph\u1ee5 tr\u00e1ch \u0111\u00e3 h\u1ed7 tr\u1ee3 b\u1ecdn em r\u1ea5t nhi\u1ec1u. \"<\/div>\n\t\t\t\n\t\t\t\t\t\t<div class=\"elementor-testimonial-meta\">\n\t\t\t\t<div class=\"elementor-testimonial-meta-inner\">\n\t\t\t\t\t\n\t\t\t\t\t\t\t\t\t\t<div class=\"elementor-testimonial-details\">\n\t\t\t\t\t\t\t\t\t\t\t\t\t\t<div class=\"elementor-testimonial-name\">Th\u00f9y Chi<\/div>\n\t\t\t\t\t\t\t\t\t\t\t\t\t\t\t\t\t\t\t\t\t\t<div class=\"elementor-testimonial-job\">SV kinh t\u1ebf<\/div>\n\t\t\t\t\t\t\t\t\t\t\t\t\t<\/div>\n\t\t\t\t\t\t\t\t\t<\/div>\n\t\t\t<\/div>\n\t\t\t\t\t<\/div>\n\t\t\t\t<\/div>\n\t\t\t\t<\/div>\n\t\t\t\t\t<\/div>\n\t\t<\/div>\n\t\t\t\t\t\t\t<\/div>\n\t\t<\/section>\n\t\t\t\t<section class=\"elementor-section elementor-top-section elementor-element elementor-element-f45dd1d elementor-section-boxed elementor-section-height-default elementor-section-height-default\" data-id=\"f45dd1d\" data-element_type=\"section\">\n\t\t\t\t\t\t<div class=\"elementor-container elementor-column-gap-default\">\n\t\t\t\t\t<div class=\"elementor-column elementor-col-100 elementor-top-column elementor-element elementor-element-76e83cd\" data-id=\"76e83cd\" data-element_type=\"column\">\n\t\t\t<div class=\"elementor-widget-wrap elementor-element-populated\">\n\t\t\t\t\t\t\t\t<div class=\"elementor-element elementor-element-adadef5 elementor-widget elementor-widget-testimonial\" data-id=\"adadef5\" data-element_type=\"widget\" data-widget_type=\"testimonial.default\">\n\t\t\t\t<div class=\"elementor-widget-container\">\n\t\t\t\t\t<div class=\"elementor-testimonial-wrapper\">\n\t\t\t\t\t\t\t<div class=\"elementor-testimonial-content\">\"Em vui v\u00ec \u0111\u01b0\u1ee3c \u0111i KTV qua c\u00f4ng ty. Anh anh ch\u1ecb t\u1ea1i Vi\u1ec7t Nam v\u00e0 c\u00e1c b\u00e1c b\u00ean Nh\u1eadt t\u01b0 v\u1ea5n r\u1ea5t k\u1ef9, nhi\u1ec7t t\u00ecnh \u2026 Hi\u1ec7n t\u1ea1i em \u0111\u00e3 s\u1ed1ng \u0111\u01b0\u1ee3c 5 n\u0103m b\u00ean Nh\u1eadt, m\u1ed7i l\u1ea7n chuy\u1ec3n vi\u1ec7c em v\u1eabn nh\u1eadn \u0111\u01b0\u1ee3c s\u1ef1 h\u1ed7 tr\u1ee3 t\u1eeb c\u00f4ng ty. Em xin c\u00e1m \u01a1n c\u00f4ng ty r\u1ea5t nhi\u1ec1u. \"<\/div>\n\t\t\t\n\t\t\t\t\t\t<div class=\"elementor-testimonial-meta\">\n\t\t\t\t<div class=\"elementor-testimonial-meta-inner\">\n\t\t\t\t\t\n\t\t\t\t\t\t\t\t\t\t<div class=\"elementor-testimonial-details\">\n\t\t\t\t\t\t\t\t\t\t\t\t\t\t<div class=\"elementor-testimonial-name\">Anh T\u00fa<\/div>\n\t\t\t\t\t\t\t\t\t\t\t\t\t\t\t\t\t\t\t\t\t\t<div class=\"elementor-testimonial-job\">K\u1ef9 thu\u1eadt vi\u00ean<\/div>\n\t\t\t\t\t\t\t\t\t\t\t\t\t<\/div>\n\t\t\t\t\t\t\t\t\t<\/div>\n\t\t\t<\/div>\n\t\t\t\t\t<\/div>\n\t\t\t\t<\/div>\n\t\t\t\t<\/div>\n\t\t\t\t\t<\/div>\n\t\t<\/div>\n\t\t\t\t\t\t\t<\/div>\n\t\t<\/section>\n\t\t\t\t<section class=\"elementor-section elementor-top-section elementor-element elementor-element-f3d755f elementor-section-boxed elementor-section-height-default elementor-section-height-default\" data-id=\"f3d755f\" data-element_type=\"section\">\n\t\t\t\t\t\t<div class=\"elementor-container elementor-column-gap-default\">\n\t\t\t\t\t<div class=\"elementor-column elementor-col-100 elementor-top-column elementor-element elementor-element-a159aa0\" data-id=\"a159aa0\" data-element_type=\"column\">\n\t\t\t<div class=\"elementor-widget-wrap elementor-element-populated\">\n\t\t\t\t\t\t\t\t<div class=\"elementor-element elementor-element-b1ee171 elementor-widget elementor-widget-testimonial\" data-id=\"b1ee171\" data-element_type=\"widget\" data-widget_type=\"testimonial.default\">\n\t\t\t\t<div class=\"elementor-widget-container\">\n\t\t\t\t\t<div class=\"elementor-testimonial-wrapper\">\n\t\t\t\t\t\t\t<div class=\"elementor-testimonial-content\">\"Du h\u1ecdc qua c\u00f4ng ty m\u1ecdi chi ph\u00ed r\u1ea5t r\u00f5 r\u00e0ng. Khi sang t\u1edbi Nh\u1eadt, nh\u00e0 tr\u01b0\u1eddng c\u0169ng h\u1ed7 tr\u1ee3 b\u1ecdn em r\u1ea5t nhi\u1ec1u. Tuy nhi\u00ean c\u00e1c b\u00e1c b\u00ean TG Japan c\u0169ng t\u01b0 v\u1ea5n cho em nhi\u1ec1u th\u00f4ng tin b\u1ed5 \u00edch. Hi\u1ec7n t\u1ea1i em \u0111\u00e3 \u0111\u01b0\u1ee3c c\u00f4ng ty h\u1ed7 tr\u1ee3 c\u1ea3 vi\u1ec7c l\u00e0m sau kh\u00f3a h\u1ecdc, c\u00e1c \u01a1n c\u00e1c b\u00e1c v\u00e0 anh ch\u1ecb r\u1ea5t nhi\u1ec1u. \"<\/div>\n\t\t\t\n\t\t\t\t\t\t<div class=\"elementor-testimonial-meta\">\n\t\t\t\t<div class=\"elementor-testimonial-meta-inner\">\n\t\t\t\t\t\n\t\t\t\t\t\t\t\t\t\t<div class=\"elementor-testimonial-details\">\n\t\t\t\t\t\t\t\t\t\t\t\t\t\t<div class=\"elementor-testimonial-name\">H\u1ed3ng Minh<\/div>\n\t\t\t\t\t\t\t\t\t\t\t\t\t\t\t\t\t\t\t\t\t\t<div class=\"elementor-testimonial-job\">Du h\u1ecdc sinh<\/div>\n\t\t\t\t\t\t\t\t\t\t\t\t\t<\/div>\n\t\t\t\t\t\t\t\t\t<\/div>\n\t\t\t<\/div>\n\t\t\t\t\t<\/div>\n\t\t\t\t<\/div>\n\t\t\t\t<\/div>\n\t\t\t\t\t<\/div>\n\t\t<\/div>\n\t\t\t\t\t\t\t<\/div>\n\t\t<\/section>\n\t\t\t\t<section class=\"elementor-section elementor-top-section elementor-element elementor-element-349183a elementor-section-boxed elementor-section-height-default elementor-section-height-default\" data-id=\"349183a\" data-element_type=\"section\">\n\t\t\t\t\t\t<div class=\"elementor-container elementor-column-gap-default\">\n\t\t\t\t\t<div class=\"elementor-column elementor-col-100 elementor-top-column elementor-element elementor-element-06189fa\" data-id=\"06189fa\" data-element_type=\"column\">\n\t\t\t<div class=\"elementor-widget-wrap elementor-element-populated\">\n\t\t\t\t\t\t\t\t<div class=\"elementor-element elementor-element-254ee1d elementor-widget elementor-widget-testimonial\" data-id=\"254ee1d\" data-element_type=\"widget\" data-widget_type=\"testimonial.default\">\n\t\t\t\t<div class=\"elementor-widget-container\">\n\t\t\t\t\t<div class=\"elementor-testimonial-wrapper\">\n\t\t\t\t\t\t\t<div class=\"elementor-testimonial-content\">\"M\u00ecnh \u0111\u00e3 \u0111i TTSKN v\u1ec1 n\u00f4ng nghi\u1ec7p. M\u00ecnh kh\u00f4ng mu\u1ed1n quay l\u1ea1i l\u00e0m n\u00f4ng nghi\u1ec7p n\u00ean ch\u1ecdn h\u1ecdc sang nh\u00e0 h\u00e0ng - kh\u00e1ch s\u1ea1n. Kh\u00f3a \u0111\u00e0o t\u1ea1o c\u1ee7a c\u00f4ng ty r\u1ea5t h\u1eefu \u00edch, r\u1ea5t vui m\u00ecnh \u0111\u00e3 thi \u0111\u1ed7 sau kh\u00f3a h\u1ecdc. \u3042\u308a\u304c\u3068\u3046\u3054\u3056\u3044\u307e\u3057\u305f\u3002\"<\/div>\n\t\t\t\n\t\t\t\t\t\t<div class=\"elementor-testimonial-meta\">\n\t\t\t\t<div class=\"elementor-testimonial-meta-inner\">\n\t\t\t\t\t\n\t\t\t\t\t\t\t\t\t\t<div class=\"elementor-testimonial-details\">\n\t\t\t\t\t\t\t\t\t\t\t\t\t\t<div class=\"elementor-testimonial-name\">Danh Chung<\/div>\n\t\t\t\t\t\t\t\t\t\t\t\t\t\t\t\t\t\t\t\t\t\t<div class=\"elementor-testimonial-job\">\u0110\u1eb7c \u0111\u1ecbnh<\/div>\n\t\t\t\t\t\t\t\t\t\t\t\t\t<\/div>\n\t\t\t\t\t\t\t\t\t<\/div>\n\t\t\t<\/div>\n\t\t\t\t\t<\/div>\n\t\t\t\t<\/div>\n\t\t\t\t<\/div>\n\t\t\t\t\t<\/div>\n\t\t<\/div>\n\t\t\t\t\t\t\t<\/div>\n\t\t<\/section>\n\t\t\t\t\t\t\t<\/div>","protected":false},"excerpt":{"rendered":"<p>&#8220;Kh\u00f3a th\u1ef1c t\u1eadp \u0111em l\u1ea1i cho em nh\u1eefng b\u00e0i h\u1ecdc qu\u00fd b [&hellip;]<\/p>","protected":false},"author":2,"featured_media":0,"parent":0,"menu_order":0,"comment_status":"closed","ping_status":"closed","template":"","meta":{"_monsterinsights_skip_tracking":false,"_monsterinsights_sitenote_active":false,"_monsterinsights_sitenote_note":"","_monsterinsights_sitenote_category":0,"footnotes":""},"class_list":["post-2095","page","type-page","status-publish","hentry"],"_links":{"self":[{"href":"https:\/\/tgedu.com.vn\/vi\/wp-json\/wp\/v2\/pages\/2095","targetHints":{"allow":["GET"]}}],"collection":[{"href":"https:\/\/tgedu.com.vn\/vi\/wp-json\/wp\/v2\/pages"}],"about":[{"href":"https:\/\/tgedu.com.vn\/vi\/wp-json\/wp\/v2\/types\/page"}],"author":[{"embeddable":true,"href":"https:\/\/tgedu.com.vn\/vi\/wp-json\/wp\/v2\/users\/2"}],"replies":[{"embeddable":true,"href":"https:\/\/tgedu.com.vn\/vi\/wp-json\/wp\/v2\/comments?post=2095"}],"version-history":[{"count":6,"href":"https:\/\/tgedu.com.vn\/vi\/wp-json\/wp\/v2\/pages\/2095\/revisions"}],"predecessor-version":[{"id":2104,"href":"https:\/\/tgedu.com.vn\/vi\/wp-json\/wp\/v2\/pages\/2095\/revisions\/2104"}],"wp:attachment":[{"href":"https:\/\/tgedu.com.vn\/vi\/wp-json\/wp\/v2\/media?parent=2095"}],"curies":[{"name":"wp","href":"https:\/\/api.w.org\/{rel}","templated":true}]}}