{"id":2109,"date":"2022-11-15T02:33:20","date_gmt":"2022-11-15T02:33:20","guid":{"rendered":"https:\/\/tgedu.com.vn\/?page_id=2109"},"modified":"2022-11-17T14:59:38","modified_gmt":"2022-11-17T14:59:38","slug":"%e8%bb%a2%e5%8b%a4%e5%b8%8c%e6%9c%9b%e3%81%8a%e5%95%8f%e3%81%84%e5%90%88%e3%82%8f%e3%81%9b","status":"publish","type":"page","link":"https:\/\/tgedu.com.vn\/vi\/%e8%bb%a2%e5%8b%a4%e5%b8%8c%e6%9c%9b%e3%81%8a%e5%95%8f%e3%81%84%e5%90%88%e3%82%8f%e3%81%9b\/","title":{"rendered":"H\u1ed6 TR\u1ee2 CHUY\u1ec2N VI\u1ec6C"},"content":{"rendered":"<div data-elementor-type=\"wp-page\" data-elementor-id=\"2109\" class=\"elementor elementor-2109\">\n\t\t\t\t\t\t\t\t\t<section class=\"elementor-section elementor-top-section elementor-element elementor-element-5ff6d96 elementor-section-boxed elementor-section-height-default elementor-section-height-default\" data-id=\"5ff6d96\" data-element_type=\"section\">\n\t\t\t\t\t\t<div class=\"elementor-container elementor-column-gap-default\">\n\t\t\t\t\t<div class=\"elementor-column elementor-col-100 elementor-top-column elementor-element elementor-element-2eea37b\" data-id=\"2eea37b\" data-element_type=\"column\">\n\t\t\t<div class=\"elementor-widget-wrap elementor-element-populated\">\n\t\t\t\t\t\t\t\t<div class=\"elementor-element elementor-element-d620499 elementor-widget elementor-widget-text-editor\" data-id=\"d620499\" data-element_type=\"widget\" data-widget_type=\"text-editor.default\">\n\t\t\t\t<div class=\"elementor-widget-container\">\n\t\t\t<style>\/*! elementor - v3.8.0 - 30-10-2022 *\/\n.elementor-widget-text-editor.elementor-drop-cap-view-stacked .elementor-drop-cap{background-color:#818a91;color:#fff}.elementor-widget-text-editor.elementor-drop-cap-view-framed .elementor-drop-cap{color:#818a91;border:3px solid;background-color:transparent}.elementor-widget-text-editor:not(.elementor-drop-cap-view-default) .elementor-drop-cap{margin-top:8px}.elementor-widget-text-editor:not(.elementor-drop-cap-view-default) .elementor-drop-cap-letter{width:1em;height:1em}.elementor-widget-text-editor .elementor-drop-cap{float:left;text-align:center;line-height:1;font-size:50px}.elementor-widget-text-editor .elementor-drop-cap-letter{display:inline-block}<\/style>\t\t\t\t<p class=\"translation-block\">Vi\u1ec7c thay \u0111\u1ed5i c\u00f4ng vi\u1ec7c \u0111\u00e3 tr\u1edf th\u00e0nh chuy\u1ec7n \u0111\u01b0\u01a1ng nhi\u00ean \u0111\u1ed1i v\u1edbi ng\u01b0\u1eddi Nh\u1eadt,\nKhi thay \u0111\u1ed5i c\u00f4ng vi\u1ec7c, ng\u01b0\u1eddi lao \u0111\u1ed9ng n\u01b0\u1edbc ngo\u00e0i c\u00f3 r\u1ea5t nhi\u1ec1u \u0111i\u1ec1u c\u1ea7n ph\u1ea3i ch\u00fa \u00fd li\u00ean quan \u0111\u1ebfn nh\u1eefng h\u1ea1n ch\u1ebf c\u1ee7a t\u01b0 c\u00e1ch l\u01b0u tr\u00fa v\u00e0 ngh\u0129a v\u1ee5 th\u00f4ng b\u00e1o.<\/p><p>Ngo\u00e0i ra, vi\u1ec7c s\u1eeda \u0111\u1ed5i lu\u1eadt \u0111\u01b0\u1ee3c cho l\u00e0 s\u1ebd qu\u1ea3n l\u00fd ch\u1eb7t ch\u1ebd h\u01a1n lao \u0111\u1ed9ng b\u1ea5t h\u1ee3p ph\u00e1p. V\u00ec v\u1eady \u0111i\u1ec1u quan tr\u1ecdng l\u00e0 b\u1ea1n ph\u1ea3i t\u00ecm tr\u01b0\u1edbc m\u1ed9t t\u1ed5 ch\u1ee9c h\u1ed7 tr\u1ee3 \u0111\u00e1ng tin c\u1eady n\u1ebfu b\u1ea1n \u0111ang c\u00e2n nh\u1eafc chuy\u1ec3n vi\u1ec7c.<\/p><p>Ch\u00fang t\u00f4i v\u1edbi b\u1ec1 d\u00e0y th\u00e0nh t\u00edch v\u00e0 kinh nghi\u1ec7m \u0111\u00e3 \u0111\u01b0\u1ee3c ch\u1ee9ng minh, s\u1ebd c\u1ed1 g\u1eafng h\u1ebft s\u1ee9c \u0111\u1ec3 h\u1ed7 tr\u1ee3 nh\u1eefng lo l\u1eafng c\u1ee7a b\u1ea1n.<\/p>\t\t\t\t\t\t<\/div>\n\t\t\t\t<\/div>\n\t\t\t\t<div class=\"elementor-element elementor-element-c9cdcd6 elementor-widget elementor-widget-heading\" data-id=\"c9cdcd6\" data-element_type=\"widget\" data-widget_type=\"heading.default\">\n\t\t\t\t<div class=\"elementor-widget-container\">\n\t\t\t<style>\/*! elementor - v3.8.0 - 30-10-2022 *\/\n.elementor-heading-title{padding:0;margin:0;line-height:1}.elementor-widget-heading .elementor-heading-title[class*=elementor-size-]>a{color:inherit;font-size:inherit;line-height:inherit}.elementor-widget-heading .elementor-heading-title.elementor-size-small{font-size:15px}.elementor-widget-heading .elementor-heading-title.elementor-size-medium{font-size:19px}.elementor-widget-heading .elementor-heading-title.elementor-size-large{font-size:29px}.elementor-widget-heading .elementor-heading-title.elementor-size-xl{font-size:39px}.elementor-widget-heading .elementor-heading-title.elementor-size-xxl{font-size:59px}<\/style><h3 class=\"elementor-heading-title elementor-size-default\">M\u1eabu trao \u0111\u1ed5i nguy\u1ec7n v\u1ecdng chuy\u1ec3n vi\u1ec7c c\u1ee7a ng\u01b0\u1eddi n\u01b0\u1edbc ngo\u00e0i<\/h3>\t\t<\/div>\n\t\t\t\t<\/div>\n\t\t\t\t<div class=\"elementor-element elementor-element-c58445f elementor-widget__width-initial elementor-widget elementor-widget-text-editor\" data-id=\"c58445f\" data-element_type=\"widget\" data-widget_type=\"text-editor.default\">\n\t\t\t\t<div class=\"elementor-widget-container\">\n\t\t\t\t\t\t\t<p>Vui l\u00f2ng nh\u1eadp c\u00e1c th\u00f4ng tin c\u1ea7n thi\u1ebft b\u00ean d\u01b0\u1edbi.<\/p><p><div role=\"form\" class=\"wpcf7\" id=\"wpcf7-f2108-o1\" lang=\"en-US\" dir=\"ltr\">\n<div class=\"screen-reader-response\"><p role=\"status\" aria-live=\"polite\" aria-atomic=\"true\"><\/p> <ul><\/ul><\/div>\n<form action=\"\/vi\/wp-json\/wp\/v2\/pages\/2109#wpcf7-f2108-o1\" method=\"post\" class=\"wpcf7-form init\" novalidate=\"novalidate\" data-status=\"init\" data-trp-original-action=\"\/vi\/wp-json\/wp\/v2\/pages\/2109#wpcf7-f2108-o1\">\n<div style=\"display: none;\">\n<input type=\"hidden\" name=\"_wpcf7\" value=\"2108\" \/>\n<input type=\"hidden\" name=\"_wpcf7_version\" value=\"5.6.4\" \/>\n<input type=\"hidden\" name=\"_wpcf7_locale\" value=\"en_US\" \/>\n<input type=\"hidden\" name=\"_wpcf7_unit_tag\" value=\"wpcf7-f2108-o1\" \/>\n<input type=\"hidden\" name=\"_wpcf7_container_post\" value=\"0\" \/>\n<input type=\"hidden\" name=\"_wpcf7_posted_data_hash\" value=\"\" \/>\n<\/div>\n<p>H\u1ecd v\u00e0 t\u00ean<br \/>\n    <span class=\"wpcf7-form-control-wrap\" data-name=\"your-name\"><input type=\"text\" name=\"your-name\" value=\"\" size=\"40\" class=\"wpcf7-form-control wpcf7-text wpcf7-validates-as-required\" aria-required=\"true\" aria-invalid=\"false\" \/><\/span> <\/p>\n<p>Qu\u1ed1c t\u1ecbch<br \/>\n    <span class=\"wpcf7-form-control-wrap\" data-name=\"your-nationality\"><input type=\"text\" name=\"your-nationality\" value=\"\" size=\"40\" class=\"wpcf7-form-control wpcf7-text wpcf7-validates-as-required\" aria-required=\"true\" aria-invalid=\"false\" \/><\/span><\/p>\n<p>M\u00e3 b\u01b0u \u0111i\u1ec7n<br \/>\n    <span class=\"wpcf7-form-control-wrap\" data-name=\"number-455\"><input type=\"number\" name=\"number-455\" value=\"\" class=\"wpcf7-form-control wpcf7-number wpcf7-validates-as-number\" aria-invalid=\"false\" \/><\/span> <\/p>\n<p>\u0110\u1ecba ch\u1ec9<br \/>\n    <span class=\"wpcf7-form-control-wrap\" data-name=\"your-address\"><input type=\"text\" name=\"your-address\" value=\"\" size=\"40\" class=\"wpcf7-form-control wpcf7-text wpcf7-validates-as-required\" aria-required=\"true\" aria-invalid=\"false\" \/><\/span> <\/p>\n<p>Gi\u1edbi t\u00ednh<br \/>\n    <span class=\"wpcf7-form-control-wrap\" data-name=\"radio-519\"><span class=\"wpcf7-form-control wpcf7-radio\"><span class=\"wpcf7-list-item first\"><input type=\"radio\" name=\"radio-519\" value=\"\u7537\" checked=\"checked\" \/><span class=\"wpcf7-list-item-label\">Nam<\/span><\/span><span class=\"wpcf7-list-item last\"><input type=\"radio\" name=\"radio-519\" value=\"\u5973\" \/><span class=\"wpcf7-list-item-label\">N\u1eef<\/span><\/span><\/span><\/span><\/p>\n<p>S\u1ed1 \u0111i\u1ec7n tho\u1ea1i<br \/>\n    <span class=\"wpcf7-form-control-wrap\" data-name=\"number-455\"><input type=\"number\" name=\"number-455\" value=\"\" class=\"wpcf7-form-control wpcf7-number wpcf7-validates-as-number\" aria-invalid=\"false\" \/><\/span><\/p>\n<p>\u0110\u1ecba ch\u1ec9 mail<br \/>\n    <span class=\"wpcf7-form-control-wrap\" data-name=\"your-email\"><input type=\"email\" name=\"your-email\" value=\"\" size=\"40\" class=\"wpcf7-form-control wpcf7-text wpcf7-email wpcf7-validates-as-required wpcf7-validates-as-email\" aria-required=\"true\" aria-invalid=\"false\" \/><\/span> <\/p>\n<p>Facebook<br \/>\n    <span class=\"wpcf7-form-control-wrap\" data-name=\"your-facebook\"><input type=\"text\" name=\"your-facebook\" value=\"\" size=\"40\" class=\"wpcf7-form-control wpcf7-text\" aria-invalid=\"false\" \/><\/span> <\/p>\n<p>T\u01b0 c\u00e1ch l\u01b0u tr\u00fa hi\u1ec7n t\u1ea1i<br \/>\n    <span class=\"wpcf7-form-control-wrap\" data-name=\"radio-520\"><span class=\"wpcf7-form-control wpcf7-radio\"><span class=\"wpcf7-list-item first\"><input type=\"radio\" name=\"radio-520\" value=\"\u7279\u5b9a\u6280\u80fd\u5916\u56fd\u4eba\" checked=\"checked\" \/><span class=\"wpcf7-list-item-label\">\u0110\u1eb7c \u0111\u1ecbnh ng\u01b0\u1eddi n\u01b0\u1edbc ngo\u00e0i<\/span><\/span><span class=\"wpcf7-list-item\"><input type=\"radio\" name=\"radio-520\" value=\"\u6280\u80fd\u5b9f\u7fd2\u751f\" \/><span class=\"wpcf7-list-item-label\">Th\u1ef1c t\u1eadp sinh k\u1ef9 n\u0103ng<\/span><\/span><span class=\"wpcf7-list-item\"><input type=\"radio\" name=\"radio-520\" value=\"\u6280\u8853\u8005\u3001\u901a\u8a33\" \/><span class=\"wpcf7-list-item-label\">K\u1ef9 thu\u1eadt vi\u00ean, th\u00f4ng d\u1ecbch vi\u00ean<\/span><\/span><span class=\"wpcf7-list-item\"><input type=\"radio\" name=\"radio-520\" value=\"\u56fd\u5185\u5728\u7559\u8005\" \/><span class=\"wpcf7-list-item-label\">L\u01b0u tr\u00fa trong n\u01b0\u1edbc Nh\u1eadt<\/span><\/span><span class=\"wpcf7-list-item last\"><input type=\"radio\" name=\"radio-520\" value=\"\u56fd\u5916\u5728\u4f4f\u8005\" \/><span class=\"wpcf7-list-item-label\">L\u01b0u tr\u00fa t\u1ea1i n\u01b0\u1edbc ngo\u00e0i<\/span><\/span><\/span><\/span> <\/p>\n<p>C\u00f3 hay Kh\u00f4ng c\u00f3 ch\u1ee9ng ch\u1ec9 ti\u1ebfng Nh\u1eadt<br \/>\n    <span class=\"wpcf7-form-control-wrap\" data-name=\"radio-521\"><span class=\"wpcf7-form-control wpcf7-radio\"><span class=\"wpcf7-list-item first\"><input type=\"radio\" name=\"radio-521\" value=\"N1\" checked=\"checked\" \/><span class=\"wpcf7-list-item-label\">N1<\/span><\/span><span class=\"wpcf7-list-item\"><input type=\"radio\" name=\"radio-521\" value=\"N2\" \/><span class=\"wpcf7-list-item-label\">N2<\/span><\/span><span class=\"wpcf7-list-item\"><input type=\"radio\" name=\"radio-521\" value=\"N3\" \/><span class=\"wpcf7-list-item-label\">N3<\/span><\/span><span class=\"wpcf7-list-item\"><input type=\"radio\" name=\"radio-521\" value=\"N4\" \/><span class=\"wpcf7-list-item-label\">N4<\/span><\/span><span class=\"wpcf7-list-item last\"><input type=\"radio\" name=\"radio-521\" value=\"\u307e\u3060\u53d7\u9a13\u3057\u3066\u3044\u306a\u3044\" \/><span class=\"wpcf7-list-item-label\">Ch\u01b0a thi<\/span><\/span><\/span><\/span><\/p>\n<p>C\u00f3 ho\u1eb7c kh\u00f4ng \u0111\u1ed7 b\u00e0i ki\u1ec3m tra k\u1ef9 n\u0103ng<br \/>\n    <span class=\"wpcf7-form-control-wrap\" data-name=\"radio-522\"><span class=\"wpcf7-form-control wpcf7-radio\"><span class=\"wpcf7-list-item first\"><input type=\"radio\" name=\"radio-522\" value=\"\u6709\" checked=\"checked\" \/><span class=\"wpcf7-list-item-label\">C\u00f3<\/span><\/span><span class=\"wpcf7-list-item last\"><input type=\"radio\" name=\"radio-522\" value=\"\u7121\" \/><span class=\"wpcf7-list-item-label\">Kh\u00f4ng<\/span><\/span><\/span><\/span> <\/p>\n<p>Hi\u1ec7n t\u1ea1i<br \/>\n     <span class=\"wpcf7-form-control-wrap\" data-name=\"radio-523\"><span class=\"wpcf7-form-control wpcf7-radio\"><span class=\"wpcf7-list-item first\"><input type=\"radio\" name=\"radio-523\" value=\"\u5931\u696d\u4e2d\" checked=\"checked\" \/><span class=\"wpcf7-list-item-label\">\u0110ang th\u1ea5t nghi\u1ec7p<\/span><\/span><span class=\"wpcf7-list-item\"><input type=\"radio\" name=\"radio-523\" value=\"\u6280\u80fd\u5b9f\u7fd22\u53f7\u3067\u5728\u8077\" \/><span class=\"wpcf7-list-item-label\">\u0110ang l\u00e0 Th\u1ef1c t\u1eadp sinh k\u1ef9 n\u0103ng s\u1ed1 2<\/span><\/span><span class=\"wpcf7-list-item\"><input type=\"radio\" name=\"radio-523\" value=\"\u7279\u5b9a\u6280\u80fd1\u53f7\u3067\u5728\u8077\" \/><span class=\"wpcf7-list-item-label\">\u0110ang l\u00e0 Th\u1ef1c t\u1eadp sinh k\u1ef9 n\u0103ng s\u1ed1 1<\/span><\/span><span class=\"wpcf7-list-item\"><input type=\"radio\" name=\"radio-523\" value=\"\u6280\u8853\u8005\u3001\u901a\u8a33\u3067\u5728\u8077\" \/><span class=\"wpcf7-list-item-label\">\u0110ang l\u00e0 K\u1ef9 thu\u1eadt vi\u00ean\/ th\u00f4ng d\u1ecbch vi\u00ean<\/span><\/span><span class=\"wpcf7-list-item last\"><input type=\"radio\" name=\"radio-523\" value=\"\u305d\u306e\u4ed6\" \/><span class=\"wpcf7-list-item-label\">Kh\u00e1c<\/span><\/span><\/span><\/span><\/p>\n<p>N\u1ed9i dung trao \u0111\u1ed5i<br \/>\n    <span class=\"wpcf7-form-control-wrap\" data-name=\"textarea-512\"><textarea name=\"textarea-512\" cols=\"40\" rows=\"10\" class=\"wpcf7-form-control wpcf7-textarea\" aria-invalid=\"false\" placeholder=\"Message\"><\/textarea><\/span><\/p>\n<p><a href=\"https:\/\/tgedu.com.vn\/vi\/\u500b\u4eba\u60c5\u5831\u4fdd\u8b77\u65b9\u91dd\/\" target=\"_blank\" rel=\"noreferrer noopener\">Ch\u00ednh s\u00e1ch b\u1ea3o m\u1eadt th\u00f4ng tin c\u00e1 nh\u00e2n<\/a><\/p>\n<p><input type=\"submit\" value=\"X\u00e1c nh\u1eadn\" class=\"wpcf7-form-control has-spinner wpcf7-submit\" \/><\/p>\n<div class=\"wpcf7-response-output\" aria-hidden=\"true\"><\/div><input type=\"hidden\" name=\"trp-form-language\" value=\"vi\"\/><\/form><\/div><\/p>\t\t\t\t\t\t<\/div>\n\t\t\t\t<\/div>\n\t\t\t\t\t<\/div>\n\t\t<\/div>\n\t\t\t\t\t\t\t<\/div>\n\t\t<\/section>\n\t\t\t\t\t\t\t<\/div>","protected":false},"excerpt":{"rendered":"<p>\u672c\u4eba\u306b\u3068\u3063\u3066\u3001\u8ee2\u8077\u306f\u3042\u305f\u308a\u307e\u3048\u306e\u6642\u4ee3\u306b\u306a\u308a\u307e\u3057\u305f\u304c\u3001\u5916\u56fd\u4eba\u52b4\u50cd\u8005\u306f\u5728\u7559\u8cc7\u683c\u306e\u5236\u9650\u3084\u5c4a\u51fa\u7fa9\u52d9\u306b\u3088\u3063\u3066\u3001\u8ee2\u8077\u3059\u308b\u969b [&hellip;]<\/p>","protected":false},"author":2,"featured_media":0,"parent":0,"menu_order":0,"comment_status":"closed","ping_status":"closed","template":"","meta":{"_monsterinsights_skip_tracking":false,"_monsterinsights_sitenote_active":false,"_monsterinsights_sitenote_note":"","_monsterinsights_sitenote_category":0,"footnotes":""},"class_list":["post-2109","page","type-page","status-publish","hentry"],"_links":{"self":[{"href":"https:\/\/tgedu.com.vn\/vi\/wp-json\/wp\/v2\/pages\/2109","targetHints":{"allow":["GET"]}}],"collection":[{"href":"https:\/\/tgedu.com.vn\/vi\/wp-json\/wp\/v2\/pages"}],"about":[{"href":"https:\/\/tgedu.com.vn\/vi\/wp-json\/wp\/v2\/types\/page"}],"author":[{"embeddable":true,"href":"https:\/\/tgedu.com.vn\/vi\/wp-json\/wp\/v2\/users\/2"}],"replies":[{"embeddable":true,"href":"https:\/\/tgedu.com.vn\/vi\/wp-json\/wp\/v2\/comments?post=2109"}],"version-history":[{"count":12,"href":"https:\/\/tgedu.com.vn\/vi\/wp-json\/wp\/v2\/pages\/2109\/revisions"}],"predecessor-version":[{"id":2203,"href":"https:\/\/tgedu.com.vn\/vi\/wp-json\/wp\/v2\/pages\/2109\/revisions\/2203"}],"wp:attachment":[{"href":"https:\/\/tgedu.com.vn\/vi\/wp-json\/wp\/v2\/media?parent=2109"}],"curies":[{"name":"wp","href":"https:\/\/api.w.org\/{rel}","templated":true}]}}