{"id":2192,"date":"2022-11-17T09:51:23","date_gmt":"2022-11-17T09:51:23","guid":{"rendered":"https:\/\/tgedu.com.vn\/?page_id=2192"},"modified":"2023-05-04T07:33:12","modified_gmt":"2023-05-04T07:33:12","slug":"%e5%a4%96%e5%9b%bd%e4%ba%ba%e9%ab%98%e5%ba%a6%e4%ba%ba%e6%9d%90%e3%83%bb%e6%8a%80%e8%a1%93%e8%80%85%e7%b4%b9%e4%bb%8b%e4%ba%8b%e6%a5%ad","status":"publish","type":"page","link":"https:\/\/tgedu.com.vn\/vi\/%e5%a4%96%e5%9b%bd%e4%ba%ba%e9%ab%98%e5%ba%a6%e4%ba%ba%e6%9d%90%e3%83%bb%e6%8a%80%e8%a1%93%e8%80%85%e7%b4%b9%e4%bb%8b%e4%ba%8b%e6%a5%ad\/","title":{"rendered":"Gi\u1edbi thi\u1ec7u nh\u00e2n l\u1ef1c ch\u1ea5t l\u01b0\u1ee3ng cao, k\u1ef9 thu\u1eadt vi\u00ean"},"content":{"rendered":"<div data-elementor-type=\"wp-page\" data-elementor-id=\"2192\" class=\"elementor elementor-2192\">\n\t\t\t\t\t\t\t\t\t<section class=\"elementor-section elementor-top-section elementor-element elementor-element-60332d5 elementor-section-boxed elementor-section-height-default elementor-section-height-default\" data-id=\"60332d5\" data-element_type=\"section\">\n\t\t\t\t\t\t<div class=\"elementor-container elementor-column-gap-default\">\n\t\t\t\t\t<div class=\"elementor-column elementor-col-100 elementor-top-column elementor-element elementor-element-7cd1749\" data-id=\"7cd1749\" data-element_type=\"column\">\n\t\t\t<div class=\"elementor-widget-wrap elementor-element-populated\">\n\t\t\t\t\t\t\t\t<div class=\"elementor-element elementor-element-ad30ac0 elementor-widget elementor-widget-image\" data-id=\"ad30ac0\" data-element_type=\"widget\" data-widget_type=\"image.default\">\n\t\t\t\t<div class=\"elementor-widget-container\">\n\t\t\t<style>\/*! elementor - v3.8.0 - 30-10-2022 *\/\n.elementor-widget-image{text-align:center}.elementor-widget-image a{display:inline-block}.elementor-widget-image a img[src$=\".svg\"]{width:48px}.elementor-widget-image img{vertical-align:middle;display:inline-block}<\/style>\t\t\t\t\t\t\t\t\t\t\t\t<img loading=\"lazy\" decoding=\"async\" width=\"640\" height=\"426\" src=\"https:\/\/tgedu.com.vn\/wp-content\/uploads\/2022\/11\/top-image-heading.png\" class=\"attachment-large size-large\" alt=\"\" srcset=\"https:\/\/tgedu.com.vn\/wp-content\/uploads\/2022\/11\/top-image-heading.png 833w, https:\/\/tgedu.com.vn\/wp-content\/uploads\/2022\/11\/top-image-heading-300x200.png 300w, https:\/\/tgedu.com.vn\/wp-content\/uploads\/2022\/11\/top-image-heading-768x512.png 768w, https:\/\/tgedu.com.vn\/wp-content\/uploads\/2022\/11\/top-image-heading-18x12.png 18w, https:\/\/tgedu.com.vn\/wp-content\/uploads\/2022\/11\/top-image-heading-600x400.png 600w\" sizes=\"auto, (max-width: 640px) 100vw, 640px\" \/>\t\t\t\t\t\t\t\t\t\t\t\t\t\t\t<\/div>\n\t\t\t\t<\/div>\n\t\t\t\t<div class=\"elementor-element elementor-element-b5b05c3 elementor-widget elementor-widget-heading\" data-id=\"b5b05c3\" data-element_type=\"widget\" data-widget_type=\"heading.default\">\n\t\t\t\t<div class=\"elementor-widget-container\">\n\t\t\t<style>\/*! elementor - v3.8.0 - 30-10-2022 *\/\n.elementor-heading-title{padding:0;margin:0;line-height:1}.elementor-widget-heading .elementor-heading-title[class*=elementor-size-]>a{color:inherit;font-size:inherit;line-height:inherit}.elementor-widget-heading .elementor-heading-title.elementor-size-small{font-size:15px}.elementor-widget-heading .elementor-heading-title.elementor-size-medium{font-size:19px}.elementor-widget-heading .elementor-heading-title.elementor-size-large{font-size:29px}.elementor-widget-heading .elementor-heading-title.elementor-size-xl{font-size:39px}.elementor-widget-heading .elementor-heading-title.elementor-size-xxl{font-size:59px}<\/style><h3 class=\"elementor-heading-title elementor-size-default\"><p><\/p><\/h3>\t\t<\/div>\n\t\t\t\t<\/div>\n\t\t\t\t<div class=\"elementor-element elementor-element-01bd382 elementor-widget elementor-widget-text-editor\" data-id=\"01bd382\" data-element_type=\"widget\" data-widget_type=\"text-editor.default\">\n\t\t\t\t<div class=\"elementor-widget-container\">\n\t\t\t<style>\/*! elementor - v3.8.0 - 30-10-2022 *\/\n.elementor-widget-text-editor.elementor-drop-cap-view-stacked .elementor-drop-cap{background-color:#818a91;color:#fff}.elementor-widget-text-editor.elementor-drop-cap-view-framed .elementor-drop-cap{color:#818a91;border:3px solid;background-color:transparent}.elementor-widget-text-editor:not(.elementor-drop-cap-view-default) .elementor-drop-cap{margin-top:8px}.elementor-widget-text-editor:not(.elementor-drop-cap-view-default) .elementor-drop-cap-letter{width:1em;height:1em}.elementor-widget-text-editor .elementor-drop-cap{float:left;text-align:center;line-height:1;font-size:50px}.elementor-widget-text-editor .elementor-drop-cap-letter{display:inline-block}<\/style>\t\t\t\t<p>Khi tuy\u1ec3n d\u1ee5ng ng\u01b0\u1eddi n\u01b0\u1edbc ngo\u00e0i l\u00e0m vi\u1ec7c c\u00f3 nhi\u1ec1u \u0111i\u1ec1u ki\u1ec7n v\u00e0 h\u1ea1n ch\u1ebf kh\u00e1c nhau. Th\u00f4ng qua m\u1ea1ng l\u01b0\u1edbi nh\u00e2n l\u1ef1c r\u1ed9ng kh\u1eafp c\u1ee7a m\u00ecnh, ch\u00fang t\u00f4i gi\u1edbi thi\u1ec7u nh\u00e2n l\u1ef1c v\u00e0 k\u1ef9 thu\u1eadt vi\u00ean ti\u00ean ti\u1ebfn n\u01b0\u1edbc ngo\u00e0i \"ch\u1ea5t l\u01b0\u1ee3ng cao\", v\u00e0 x\u1eed l\u00fd m\u1ecdi th\u1ee9 t\u1eeb th\u1ee7 t\u1ee5c nh\u1eadp c\u1ea3nh \u0111\u1ebfn th\u1ee7 t\u1ee5c t\u1ea1i Nh\u1eadt B\u1ea3n ho\u1eb7c c\u00e1c n\u01b0\u1edbc.<\/p><p>Ch\u00fang t\u00f4i c\u00f3 li\u00ean k\u1ebft v\u1edbi c\u00e1c tr\u01b0\u1eddng \u0111\u1ea1i h\u1ecdc ch\u1ee7 y\u1ebfu t\u1ea1i Vi\u1ec7t Nam, v\u1edbi m\u1ea1ng l\u01b0\u1edbi nh\u00e2n s\u1ef1 v\u00e0 m\u1ed1i li\u00ean h\u1ec7 ch\u1eb7t ch\u1ebd v\u1edbi c\u00e1c c\u00f4ng ty trong c\u00f9ng t\u1eadp \u0111o\u00e0n, c\u00e1c c\u00f4ng ty li\u00ean k\u1ebft, c\u00e1c tr\u01b0\u1eddng \u0111\u1ea1i h\u1ecdc - cao \u0111\u1eb3ng, tr\u01b0\u1eddng d\u1ea1y ngh\u1ec1 v\u00e0 trung t\u00e2m \u0111\u00e0o t\u1ea1o ti\u1ebfng Nh\u1eadt. \u0110\u00e2y l\u00e0 k\u1ebft qu\u1ea3 c\u1ee7a nhi\u1ec1u n\u0103m x\u00e2y d\u1ef1ng m\u1ed1i quan h\u1ec7 tr\u1ef1c di\u1ec7n xuy\u00ean bi\u00ean gi\u1edbi v\u1edbi b\u1ec1 d\u00e0y th\u00e0nh t\u00edch \u201cTin c\u1eady v\u00e0 Tin t\u01b0\u1edfng\u201d. Ho\u1ea1t \u0111\u1ed9ng kinh doanh ngu\u1ed3n nh\u00e2n l\u1ef1c ng\u00e0y nay c\u0169ng c\u1ea7n l\u01b0\u1ee3ng th\u00f4ng tin \u0111\u1ebfn t\u1eeb c\u00e1c ph\u01b0\u01a1ng ph\u00e1p h\u1ec7 th\u1ed1ng h\u01a1n. Tuy nhi\u00ean, \u0111\u1ec3 gi\u1edbi thi\u1ec7u \u0111\u01b0\u1ee3c nhi\u1ec1u ngu\u1ed3n nh\u00e2n l\u1ef1c xu\u1ea5t s\u1eafc h\u01a1n n\u1eefa, ch\u00fang t\u00f4i cho r\u1eb1ng \u0111i\u1ec1u c\u1ea7n thi\u1ebft l\u00e0 ph\u1ea3i h\u1ee3p t\u00e1c v\u1edbi c\u00e1c \u0111\u1ed1i t\u00e1c n\u01b0\u1edbc ngo\u00e0i, nh\u1eefng ng\u01b0\u1eddi hi\u1ec3u r\u00f5 v\u1ec1 h\u00ecnh \u1ea3nh t\u01b0\u01a1ng lai c\u1ee7a ngu\u1ed3n nh\u00e2n l\u1ef1c v\u00e0 gi\u00e1 tr\u1ecb c\u1ee7a \u0111\u00e0o t\u1ea1o. V\u00ec v\u1eady, ch\u00fang t\u00f4i \u0111ang h\u01b0\u1edbng t\u1edbi vi\u1ec7c ph\u00f9 h\u1ee3p ngu\u1ed3n nh\u00e2n l\u1ef1c ch\u1ea5t l\u01b0\u1ee3ng cao, nh\u00e2n l\u1ef1c c\u00f3 th\u1ec3 \u0111\u00f3ng vai tr\u00f2 t\u00edch c\u1ef1c trong trung v\u00e0 d\u00e0i h\u1ea1n. Trong m\u1ea1ng l\u01b0\u1edbi ngu\u1ed3n nh\u00e2n l\u1ef1c, nhi\u1ec1u nh\u00e2n l\u1ef1c gi\u1ecfi Vi\u1ec7t Nam c\u00f3 tr\u00ecnh \u0111\u1ed9 tay ngh\u1ec1 cao v\u00e0 k\u1ef9 s\u01b0 t\u1ed1t nghi\u1ec7p t\u1eeb c\u00e1c tr\u01b0\u1eddng \u0111\u1ea1i h\u1ecdc khoa h\u1ecdc k\u1ef9 thu\u1eadt kh\u00f3 \u0111\u00e3 \u0111\u0103ng k\u00fd.<\/p>\t\t\t\t\t\t<\/div>\n\t\t\t\t<\/div>\n\t\t\t\t<div class=\"elementor-element elementor-element-8d0ce9b elementor-tabs-alignment-stretch elementor-tabs-view-horizontal elementor-widget elementor-widget-tabs\" data-id=\"8d0ce9b\" data-element_type=\"widget\" data-widget_type=\"tabs.default\">\n\t\t\t\t<div class=\"elementor-widget-container\">\n\t\t\t<style>\/*! elementor - v3.8.0 - 30-10-2022 *\/\n.elementor-widget-tabs.elementor-tabs-view-vertical .elementor-tabs-wrapper{width:25%;-ms-flex-negative:0;flex-shrink:0}.elementor-widget-tabs.elementor-tabs-view-vertical .elementor-tab-desktop-title.elementor-active{border-right-style:none}.elementor-widget-tabs.elementor-tabs-view-vertical .elementor-tab-desktop-title.elementor-active:after,.elementor-widget-tabs.elementor-tabs-view-vertical .elementor-tab-desktop-title.elementor-active:before{height:999em;width:0;right:0;border-right-style:solid}.elementor-widget-tabs.elementor-tabs-view-vertical .elementor-tab-desktop-title.elementor-active:before{top:0;-webkit-transform:translateY(-100%);-ms-transform:translateY(-100%);transform:translateY(-100%)}.elementor-widget-tabs.elementor-tabs-view-vertical .elementor-tab-desktop-title.elementor-active:after{top:100%}.elementor-widget-tabs.elementor-tabs-view-horizontal .elementor-tab-desktop-title{display:table-cell}.elementor-widget-tabs.elementor-tabs-view-horizontal .elementor-tab-desktop-title.elementor-active{border-bottom-style:none}.elementor-widget-tabs.elementor-tabs-view-horizontal .elementor-tab-desktop-title.elementor-active:after,.elementor-widget-tabs.elementor-tabs-view-horizontal .elementor-tab-desktop-title.elementor-active:before{bottom:0;height:0;width:999em;border-bottom-style:solid}.elementor-widget-tabs.elementor-tabs-view-horizontal .elementor-tab-desktop-title.elementor-active:before{right:100%}.elementor-widget-tabs.elementor-tabs-view-horizontal .elementor-tab-desktop-title.elementor-active:after{left:100%}.elementor-widget-tabs .elementor-tab-content,.elementor-widget-tabs .elementor-tab-title,.elementor-widget-tabs .elementor-tab-title:after,.elementor-widget-tabs .elementor-tab-title:before,.elementor-widget-tabs .elementor-tabs-content-wrapper{border:1px #d4d4d4}.elementor-widget-tabs .elementor-tabs{text-align:left}.elementor-widget-tabs .elementor-tabs-wrapper{overflow:hidden}.elementor-widget-tabs .elementor-tab-title{cursor:pointer;outline:var(--focus-outline,none)}.elementor-widget-tabs .elementor-tab-desktop-title{position:relative;padding:20px 25px;font-weight:700;line-height:1;border:solid transparent}.elementor-widget-tabs .elementor-tab-desktop-title.elementor-active{border-color:#d4d4d4}.elementor-widget-tabs .elementor-tab-desktop-title.elementor-active:after,.elementor-widget-tabs .elementor-tab-desktop-title.elementor-active:before{display:block;content:\"\";position:absolute}.elementor-widget-tabs .elementor-tab-desktop-title:focus-visible{border:1px solid #000}.elementor-widget-tabs .elementor-tab-mobile-title{padding:10px;cursor:pointer}.elementor-widget-tabs .elementor-tab-content{padding:20px;display:none}@media (max-width:767px){.elementor-tabs .elementor-tab-content,.elementor-tabs .elementor-tab-title{border-style:solid solid none}.elementor-tabs .elementor-tabs-wrapper{display:none}.elementor-tabs .elementor-tabs-content-wrapper{border-bottom-style:solid}.elementor-tabs .elementor-tab-content{padding:10px}}@media (min-width:768px){.elementor-widget-tabs.elementor-tabs-view-vertical .elementor-tabs{display:-webkit-box;display:-ms-flexbox;display:flex}.elementor-widget-tabs.elementor-tabs-view-vertical .elementor-tabs-wrapper{-webkit-box-orient:vertical;-webkit-box-direction:normal;-ms-flex-direction:column;flex-direction:column}.elementor-widget-tabs.elementor-tabs-view-vertical .elementor-tabs-content-wrapper{-webkit-box-flex:1;-ms-flex-positive:1;flex-grow:1;border-style:solid solid solid none}.elementor-widget-tabs.elementor-tabs-view-horizontal .elementor-tab-content{border-style:none solid solid}.elementor-widget-tabs.elementor-tabs-alignment-center .elementor-tabs-wrapper,.elementor-widget-tabs.elementor-tabs-alignment-end .elementor-tabs-wrapper,.elementor-widget-tabs.elementor-tabs-alignment-stretch .elementor-tabs-wrapper{display:-webkit-box;display:-ms-flexbox;display:flex}.elementor-widget-tabs.elementor-tabs-alignment-center .elementor-tabs-wrapper{-webkit-box-pack:center;-ms-flex-pack:center;justify-content:center}.elementor-widget-tabs.elementor-tabs-alignment-end .elementor-tabs-wrapper{-webkit-box-pack:end;-ms-flex-pack:end;justify-content:flex-end}.elementor-widget-tabs.elementor-tabs-alignment-stretch.elementor-tabs-view-horizontal .elementor-tab-title{width:100%}.elementor-widget-tabs.elementor-tabs-alignment-stretch.elementor-tabs-view-vertical .elementor-tab-title{height:100%}.elementor-tabs .elementor-tab-mobile-title{display:none}}<\/style>\t\t<div class=\"elementor-tabs\">\n\t\t\t<div class=\"elementor-tabs-wrapper\" role=\"tablist\" >\n\t\t\t\t\t\t\t\t\t<div id=\"elementor-tab-title-1471\" class=\"elementor-tab-title elementor-tab-desktop-title\" aria-selected=\"true\" data-tab=\"1\" role=\"tab\" tabindex=\"0\" aria-controls=\"elementor-tab-content-1471\" aria-expanded=\"false\">Thu\u1eadn l\u1ee3i khi tuy\u1ec3n d\u1ee5ng lao \u0111\u1ed9ng ch\u1ea5t l\u01b0\u1ee3ng cao<\/div>\n\t\t\t\t\t\t\t\t\t<div id=\"elementor-tab-title-1472\" class=\"elementor-tab-title elementor-tab-desktop-title\" aria-selected=\"false\" data-tab=\"2\" role=\"tab\" tabindex=\"-1\" aria-controls=\"elementor-tab-content-1472\" aria-expanded=\"false\">C\u00e1c b\u01b0\u1edbc t\u1edbi tuy\u1ec3n d\u1ee5ng<\/div>\n\t\t\t\t\t\t\t\t\t<div id=\"elementor-tab-title-1473\" class=\"elementor-tab-title elementor-tab-desktop-title\" aria-selected=\"false\" data-tab=\"3\" role=\"tab\" tabindex=\"-1\" aria-controls=\"elementor-tab-content-1473\" aria-expanded=\"false\">Danh s\u00e1ch c\u00e1c c\u00f4ng vi\u1ec7c c\u00f3 th\u1ec3 gi\u1edbi thi\u1ec7u<\/div>\n\t\t\t\t\t\t\t<\/div>\n\t\t\t<div class=\"elementor-tabs-content-wrapper\" role=\"tablist\" aria-orientation=\"vertical\">\n\t\t\t\t\t\t\t\t\t<div class=\"elementor-tab-title elementor-tab-mobile-title\" aria-selected=\"true\" data-tab=\"1\" role=\"tab\" tabindex=\"0\" aria-controls=\"elementor-tab-content-1471\" aria-expanded=\"false\">Thu\u1eadn l\u1ee3i khi tuy\u1ec3n d\u1ee5ng lao \u0111\u1ed9ng ch\u1ea5t l\u01b0\u1ee3ng cao<\/div>\n\t\t\t\t\t<div id=\"elementor-tab-content-1471\" class=\"elementor-tab-content elementor-clearfix\" data-tab=\"1\" role=\"tabpanel\" aria-labelledby=\"elementor-tab-title-1471\" tabindex=\"0\" hidden=\"false\"><p class=\"translation-block\"><strong>1. Xin VISA nh\u1eadp c\u1ea3nh <\/strong>\n* T\u1ef7 l\u1ec7 \u0111\u01b0\u1ee3c c\u1ea5p ph\u00e9p 100% (k\u1ebft qu\u1ea3 n\u0103m 2020)<\/p><p>Khi c\u00e1c b\u1ea1n mu\u1ed1n tuy\u1ec3n d\u1ee5ng, nh\u01b0ng VISA s\u1ebd b\u1ecb t\u1eeb ch\u1ed1i ...<\/p><p>Ch\u00fang t\u00f4i h\u1ee3p t\u00e1c ch\u1eb7t ch\u1ebd v\u1edbi v\u0103n ph\u00f2ng Lu\u1eadt s\u01b0 h\u00e0nh ch\u00ednh, n\u01a1i c\u00f3 nhi\u1ec1u kinh nghi\u1ec7m trong vi\u1ec7c xin visa lao \u0111\u1ed9ng cho ng\u01b0\u1eddi n\u01b0\u1edbc ngo\u00e0i.<\/p><p><strong>2. Gi\u1edbi thi\u1ec7u ngu\u1ed3n nh\u00e2n l\u1ef1c ph\u00f9 h\u1ee3p nh\u1ea5t t\u1eeb m\u1ea1ng l\u01b0\u1edbi nh\u00e2n l\u1ef1c tr\u1ea3i r\u1ed9ng<\/strong><\/p><p>Ch\u00fang t\u00f4i s\u1ebd l\u1ef1a ch\u1ecdn nh\u00e2n s\u1ef1 trong m\u1ea1ng l\u01b0\u1edbi ngu\u1ed3n nh\u00e2n l\u1ef1c \u1edf Vi\u1ec7t Nam, t\u1eeb kho\u1ea3ng 18 tr\u01b0\u1eddng \u0111\u1ea1i h\u1ecdc.<\/p><p>Gi\u1edbi thi\u1ec7u nh\u1eefng ngu\u1ed3n nh\u00e2n l\u1ef1c ph\u00f9 h\u1ee3p nh\u1ea5t, \u0111\u1eb7c bi\u1ec7t v\u1ec1 m\u1ee9c \u0111\u1ed9 ph\u00f9 h\u1ee3p, ch\u1eb3ng h\u1ea1n nh\u01b0 th\u1ef1c hi\u1ec7n c\u00e1c b\u00e0i ki\u1ec3m tra kh\u1ea3 n\u0103ng \u0111\u1ed1i v\u1edbi ngh\u1ec1 nghi\u1ec7p \u0111ang tuy\u1ec3n d\u1ee5ng.<\/p><p><strong>3. Gi\u1ea3m b\u1edbt g\u00e1nh n\u1eb7ng c\u1ee7a vi\u1ec7c tuy\u1ec3n d\u1ee5ng<\/strong><\/p><p>4. Gi\u1ea3m thi\u1ec3u r\u1ee7i ro tuy\u1ec3n d\u1ee5ng nh\u1edd Ph\u00ed th\u00e0nh c\u00f4ng ho\u00e0n to\u00e0n<\/p><p><strong>4. Gi\u1ea3m thi\u1ec3u r\u1ee7i ro tuy\u1ec3n d\u1ee5ng nh\u1edd Ph\u00ed th\u00e0nh c\u00f4ng ho\u00e0n to\u00e0n<\/strong><\/p><p>\u0110\u00e2y l\u00e0 m\u1ed9t \"lo\u1ea1i ph\u00ed th\u00e0nh c\u00f4ng ho\u00e0n to\u00e0n\", trong \u0111\u00f3 ch\u00fang t\u00f4i ch\u1ec9 nh\u1eadn ph\u00ed khi nh\u00e2n s\u1ef1 \u0111\u01b0\u1ee3c gi\u1edbi thi\u1ec7u \u0111\u00e3 c\u00f3 VISA th\u00e0nh c\u00f4ng.<\/p><p>Trong tr\u01b0\u1eddng h\u1ee3p kh\u00f4ng may nh\u00e2n s\u1ef1 ngh\u1ec9 vi\u1ec7c trong v\u00f2ng 3 th\u00e1ng k\u1ec3 t\u1eeb khi gia nh\u1eadp c\u00f4ng ty, ch\u00fang t\u00f4i s\u1ebd ho\u00e0n tr\u1ea3 ph\u00ed theo quy \u0111\u1ecbnh.<\/p><p><strong>5. Theo d\u00f5i h\u1ed7 tr\u1ee3 sau tuy\u1ec3n d\u1ee5ng<\/strong><\/p><p>C\u00e1c b\u1ea1n lo l\u1eafng khi l\u1ea7n \u0111\u1ea7u ti\u00ean tuy\u1ec3n d\u1ee5ng m\u1ed9t ng\u01b0\u1eddi n\u01b0\u1edbc ngo\u00e0i, v\u1ec1 giao ti\u1ebfp c\u00f4ng vi\u1ec7c v\u00e0 s\u1ef1 kh\u00e1c bi\u1ec7t v\u1ec1 v\u0103n h\u00f3a ...<\/p><p>Ch\u00fang t\u00f4i c\u00f3 m\u1ed9t s\u1ed1 l\u01b0\u1ee3ng l\u1edbn phi\u00ean d\u1ecbch vi\u00ean ti\u1ebfng Nh\u1eadt c\u1ea5p \u0111\u1ed9 1 v\u00e0 c\u1ea5p \u0111\u1ed9 2, h\u1ed7 tr\u1ee3 c\u00e1c b\u1ea1n \u0111\u1ea7y \u0111\u1ee7 ngay c\u1ea3 khi \u1ee9ng vi\u00ean \u0111\u00e3 l\u00e0m vi\u1ec7c \u1ed5n \u0111\u1ecbnh sau tuy\u1ec3n d\u1ee5ng.<\/p><\/div>\n\t\t\t\t\t\t\t\t\t<div class=\"elementor-tab-title elementor-tab-mobile-title\" aria-selected=\"false\" data-tab=\"2\" role=\"tab\" tabindex=\"-1\" aria-controls=\"elementor-tab-content-1472\" aria-expanded=\"false\">C\u00e1c b\u01b0\u1edbc t\u1edbi tuy\u1ec3n d\u1ee5ng<\/div>\n\t\t\t\t\t<div id=\"elementor-tab-content-1472\" class=\"elementor-tab-content elementor-clearfix\" data-tab=\"2\" role=\"tabpanel\" aria-labelledby=\"elementor-tab-title-1472\" tabindex=\"0\" hidden=\"hidden\"><p><strong>B\u01af\u1edaC 1<\/strong><\/p><p><strong>N\u1ed9p \u0111\u01a1n xin vi\u1ec7c l\u00e0m<\/strong><\/p><p>\u0110\u1ec3 n\u00e2ng cao ch\u1ea5t l\u01b0\u1ee3ng v\u1ec1 m\u1eb7t th\u00edch h\u1ee3p, ch\u00fang t\u00f4i s\u1ebd l\u1eafng nghe c\u1ee5 th\u1ec3 nhu c\u1ea7u c\u1ee7a ng\u01b0\u1eddi t\u00ecm vi\u1ec7c.<\/p><p>\u2193<\/p><p><strong>B\u01af\u1edaC 2<\/strong><\/p><p><strong>L\u1ef1a ch\u1ecdn nh\u00e2n s\u1ef1<\/strong><\/p><p>\u0110\u1ec1 xu\u1ea5t s\u1ef1 ph\u00f9 h\u1ee3p t\u1ed1t nh\u1ea5t d\u1ef1a tr\u00ean th\u00f4ng tin t\u01b0\u01a1ng \u1ee9ng c\u1ee7a ng\u01b0\u1eddi t\u00ecm vi\u1ec7c.<\/p><p>\u2193<\/p><p><strong>B\u01af\u1edaC 3<\/strong><\/p><p><strong>Ph\u1ecfng v\u1ea5n - tuy\u1ec3n ch\u1ecdn<\/strong><\/p><p>S\u1ebd ti\u1ebfn h\u00e0nh t\u1ea1i Vi\u1ec7t Nam ho\u1eb7c \u1edf Nh\u1eadt B\u1ea3n. Chuy\u00ean vi\u00ean t\u01b0 v\u1ea5n s\u1ebd c\u00f9ng \u0111\u1ed3ng h\u00e0nh v\u00e0 tham d\u1ef1 bu\u1ed5i ph\u1ecfng v\u1ea5n.<\/p><p>\u2193<\/p><p><strong>B\u01af\u1edaC 4<\/strong><\/p><p><strong>Th\u01b0 tuy\u1ec3n d\u1ee5ng \u2013 h\u1ed3 s\u01a1 visa<\/strong><\/p><p>Sau khi hai b\u00ean th\u1ed1ng nh\u1ea5t, ch\u00fang t\u00f4i s\u1ebd trao th\u01b0 \u0111\u1ed3ng \u00fd tuy\u1ec3n d\u1ee5ng v\u00e0 \u0111i\u1ec1u ch\u1ec9nh ng\u00e0y v\u00e0o c\u00f4ng ty.<\/p><p>Xin VISA v\u00e0 nh\u1eadp c\u1ea3nh v\u00e0o Nh\u1eadt B\u1ea3n sau \u0111\u00f3 kho\u1ea3ng 2-4 th\u00e1ng.<\/p><p>\u2193<\/p><p><strong>B\u01af\u1edaC 5<\/strong><\/p><p><strong>Tuy\u1ec3n d\u1ee5ng \u2013 V\u00e0o c\u00f4ng ty<\/strong><\/p><p>H\u1ed7 tr\u1ee3 b\u1ea1n t\u1ea1i s\u00e2n bay khi nh\u1eadp c\u1ea3nh, h\u01b0\u1edbng d\u1eabn l\u00e0m th\u1ee7 t\u1ee5c t\u1ea1i li\u00ean quan v\u00e0 ph\u00e2n c\u00f4ng c\u00f4ng vi\u1ec7c t\u1ea1i th\u1eddi \u0111i\u1ec3m nh\u1eadp c\u1ea3nh.<\/p><p>T\u00f9y theo y\u00eau c\u1ea7u, ch\u00fang t\u00f4i s\u1ebd cung c\u1ea5p ch\u01b0\u01a1ng tr\u00ecnh \u0111\u00e0o t\u1ea1o ti\u1ebfng Nh\u1eadt trong kho\u1ea3ng m\u1ed9t th\u00e1ng.<\/p><p>\u2193<\/p><p><strong>B\u01af\u1edaC 6<\/strong><\/p><p><strong>Theo d\u00f5i h\u1ed7 tr\u1ee3 sau khi gia nh\u1eadp c\u00f4ng ty<\/strong><\/p><p>C\u00f3 th\u1ec3 theo d\u00f5i h\u1ed7 tr\u1ee3 \u0111\u1ecbnh k\u1ef3 b\u1edfi m\u1ed9t th\u00f4ng d\u1ecbch vi\u00ean tr\u00ecnh \u0111\u1ed9 ti\u1ebfng Nh\u1eadt N1 ho\u1eb7c N2.<\/p><p>Xin c\u1ee9 tho\u1ea3i m\u00e1i li\u00ean l\u1ea1c v\u1edbi ch\u00fang t\u00f4i.<\/p><\/div>\n\t\t\t\t\t\t\t\t\t<div class=\"elementor-tab-title elementor-tab-mobile-title\" aria-selected=\"false\" data-tab=\"3\" role=\"tab\" tabindex=\"-1\" aria-controls=\"elementor-tab-content-1473\" aria-expanded=\"false\">Danh s\u00e1ch c\u00e1c c\u00f4ng vi\u1ec7c c\u00f3 th\u1ec3 gi\u1edbi thi\u1ec7u<\/div>\n\t\t\t\t\t<div id=\"elementor-tab-content-1473\" class=\"elementor-tab-content elementor-clearfix\" data-tab=\"3\" role=\"tabpanel\" aria-labelledby=\"elementor-tab-title-1473\" tabindex=\"0\" hidden=\"hidden\"><p><strong>Ngh\u1ec1 h\u1ec7 x\u00e3 h\u1ed9i<\/strong><\/p><p>B\u00e1n h\u00e0ng v\u00e0 c\u00f4ng vi\u1ec7c v\u0103n ph\u00f2ng<\/p><ul><li>B\u00e1n h\u00e0ng \/ T\u1ed5ng v\u1ee5 \/ K\u1ebf to\u00e1n<\/li><li>Ph\u00e1t tri\u1ec3n s\u1ea3n ph\u1ea9m \/ ti\u1ebfp th\u1ecb \/ th\u01b0\u01a1ng m\u1ea1i<\/li><li>Th\u00f4ng d\u1ecbch vi\u00ean \/ Bi\u00ean d\u1ecbch vi\u00ean \/ Gi\u00e1o vi\u00ean ng\u00f4n ng\u1eef \/ Thi\u1ebft k\u1ebf<\/li><\/ul><p><strong>Ngh\u1ec1 h\u1ec7 t\u1ef1 nhi\u00ean<\/strong><\/p><p>K\u1ef9 s\u01b0 thi\u1ebft k\u1ebf CAD<\/p><ul><li>Auto CAD<\/li><li>Thi\u1ebft k\u1ebf khu\u00f4n m\u1eabu \u30fb Thi\u1ebft k\u1ebf ki\u1ebfn tr\u00fac<\/li><li>Nh\u00e0 thi\u1ebft k\u1ebf<\/li><\/ul><p>K\u1ef9 s\u01b0 IT<\/p><ul><li>Ph\u00e1t tri\u1ec3n \u1ee9ng d\u1ee5ng (m\u1edf \/ WEB)<\/li><li>V\u1eadn h\u00e0nh v\u00e0 b\u1ea3o tr\u00ec m\u00e1y ch\u1ee7 - m\u1ea1ng<\/li><li>Ph\u00e1t tri\u1ec3n \u1ee9ng d\u1ee5ng<\/li><li>Thi\u1ebft k\u1ebf v\u00e0 x\u00e2y d\u1ef1ng c\u01a1 s\u1edf h\u1ea1 t\u1ea7ng th\u00f4ng tin li\u00ean l\u1ea1c<\/li><li>Ph\u00e1t tri\u1ec3n \u1ee9ng d\u1ee5ng (\u0111i\u1ec1u khi\u1ec3n \/ nh\u00fang)<\/li><li>SE trong c\u00f4ng ty<\/li><li>G\u00f3i ph\u1ea7n m\u1ec1m \/ ph\u00e1t tri\u1ec3n OS<\/li><li>H\u1ed7 tr\u1ee3, gi\u00fap \u0111\u1ee1<\/li><li>Thi\u1ebft k\u1ebf v\u00e0 x\u00e2y d\u1ef1ng m\u00e1y ch\u1ee7 - m\u1ea1ng<\/li><\/ul><p>K\u1ef9 s\u01b0 c\u01a1 kh\u00ed<\/p><ul><li>Thi\u1ebft k\u1ebf v\u00e0 k\u1ef9 thu\u1eadt s\u1ea3n xu\u1ea5t ch\u1ea5t b\u00e1n d\u1eabn<\/li><li>Ph\u00e1t tri\u1ec3n quy tr\u00ecnh<\/li><li>Thi\u1ebft k\u1ebf m\u1ea1ch<\/li><li>Thi\u1ebft k\u1ebf h\u1ec7 th\u1ed1ng<\/li><li>Ki\u1ec3m so\u00e1t ch\u1ea5t l\u01b0\u1ee3ng v\u00e0 s\u1ea3n xu\u1ea5t (\u0111i\u1ec7n, \u0111i\u1ec7n t\u1eed, c\u01a1 kh\u00ed, b\u00e1n d\u1eabn)<\/li><li>Thi\u1ebft k\u1ebf \u0111i\u1ec1u khi\u1ec3n (thi\u1ebft b\u1ecb \u0111i\u1ec7n t\u1eed, thi\u1ebft b\u1ecb ch\u00ednh x\u00e1c)<\/li><li>FAE<\/li><li>Thi\u1ebft k\u1ebf \u0111i\u1ec1u khi\u1ec3n (\u00f4 t\u00f4, c\u00e1c lo\u1ea1i m\u00e1y m\u00f3c kh\u00e1c)<\/li><li>K\u1ef9 s\u01b0 d\u1ecbch v\u1ee5, th\u1ee3 b\u1ea3o d\u01b0\u1ee1ng<\/li><li>Thi\u1ebft k\u1ebf m\u00e1y m\u00f3c \/ c\u1ea5u t\u1ea1o (thi\u1ebft b\u1ecb \u0111i\u1ec7n t\u1eed, thi\u1ebft b\u1ecb ch\u00ednh x\u00e1c)<\/li><li>Thi\u1ebft k\u1ebf m\u00e1y m\u00f3c \/ c\u1ea5u t\u1ea1o (\u00f4 t\u00f4, m\u00e1y m\u00f3c kh\u00e1c nhau)<\/li><li>C\u00e1c c\u00f4ng vi\u1ec7c kh\u00e1c li\u00ean quan \u0111\u1ebfn c\u00f4ng ngh\u1ec7 \u0111i\u1ec7n, \u0111i\u1ec7n t\u1eed, c\u01a1 kh\u00ed, b\u00e1n d\u1eabn<\/li><\/ul><p>K\u1ef9 s\u01b0 th\u1ef1c ph\u1ea9m<\/p><ul><li>C\u00f4ng ngh\u1ec7 s\u1ea3n xu\u1ea5t ch\u1ebf bi\u1ebfn th\u1ef1c ph\u1ea9m<\/li><li>Ph\u00e1t tri\u1ec3n th\u1ef1c ph\u1ea9m ch\u1ebf bi\u1ebfn<\/li><li>L\u1eadp k\u1ebf ho\u1ea1ch s\u1ea3n xu\u1ea5t c\u00e1c s\u1ea3n ph\u1ea9m th\u1ef1c ph\u1ea9m<\/li><li>H\u01b0\u1edbng d\u1eabn k\u1ef9 thu\u1eadt<\/li><li>Ki\u1ec3m tra<\/li><li>Qu\u1ea3n l\u00fd c\u00f4ng vi\u1ec7c<\/li><li>Ph\u00e2n t\u00edch th\u00e0nh ph\u1ea7n, h\u01b0\u01a1ng v\u1ecb, v.v. v\u1edbi s\u1ea3n ph\u1ea9m m\u1eabu<\/li><li>Ki\u1ec3m ch\u1ee9ng \u0111\u1ed9 an to\u00e0n, ch\u1ea5t l\u01b0\u1ee3ng, v.v.<\/li><\/ul><p>K\u1ef9 s\u01b0 n\u00f4ng nghi\u1ec7p<\/p><ul><li>Kinh doanh n\u00f4ng nghi\u1ec7p<\/li><li>S\u1ea3n xu\u1ea5t v\u00e0 qu\u1ea3n l\u00fd c\u00e1c s\u1ea3n ph\u1ea9m n\u00f4ng nghi\u1ec7p<\/li><li>B\u1ea3o d\u01b0\u1ee1ng c\u01a1 s\u1edf h\u1ea1 t\u1ea7ng \u0111\u1ea5t \u0111ai v\u00e0 n\u00f4ng th\u00f4n<\/li><li>Ph\u00e2n ph\u1ed1i v\u00e0 ch\u1ebf bi\u1ebfn n\u00f4ng s\u1ea3n<\/li><li>S\u1ef1 ph\u00e1t tri\u1ec3n c\u00f4ng ngh\u1ec7<\/li><li>Th\u00fac \u0111\u1ea9y s\u1ea3n xu\u1ea5t v\u00e0 \u0111\u1ea3m b\u1ea3o an to\u00e0n th\u1ef1c ph\u1ea9m<\/li><li>L\u1eadp k\u1ebf ho\u1ea1ch kinh doanh h\u01b0\u1edbng d\u1eabn khuy\u1ebfn n\u00f4ng<\/li><li>B\u1ea3o d\u01b0\u1ee1ng \u0111\u1ea5t canh t\u00e1c v\u00e0 c\u00e1c c\u00f4ng tr\u00ecnh th\u1ee7y l\u1ee3i<\/li><li>L\u1eadp k\u1ebf ho\u1ea1ch d\u1ef1 \u00e1n ph\u00e1t tri\u1ec3n n\u00f4ng th\u00f4n \u0111\u00e1ng s\u1ed1ng<\/li><li>Nghi\u1ec7p v\u1ee5 li\u00ean quan \u0111\u1ebfn qu\u1ea3n l\u00fd ph\u00e2n ph\u1ed1i n\u00f4ng s\u1ea3n<\/li><li>Kh\u1ea3o s\u00e1t \u0111i\u1ec1u ki\u1ec7n n\u01b0\u1edbc v\u00e0 \u0111\u1ea5t canh t\u00e1c<\/li><li>Thi\u1ebft k\u1ebf v\u00e0 gi\u00e1m s\u00e1t thi c\u00f4ng c\u00f4ng tr\u00ecnh d\u00e2n d\u1ee5ng n\u00f4ng nghi\u1ec7p<\/li><\/ul><\/div>\n\t\t\t\t\t\t\t<\/div>\n\t\t<\/div>\n\t\t\t\t<\/div>\n\t\t\t\t<\/div>\n\t\t\t\t\t<\/div>\n\t\t<\/div>\n\t\t\t\t\t\t\t<\/div>\n\t\t<\/section>\n\t\t\t\t\t\t\t<\/div>","protected":false},"excerpt":{"rendered":"<p>\u5916\u56fd\u4eba\u306e\u63a1\u7528\u306f\u3001\u69d8\u3005\u306a\u6761\u4ef6\u3084\u5236\u7d04\u304c\u3042\u308a\u307e\u3059\u3002 \u5f0a\u793e\u306f\u3001\u5e45\u5e83\u3044\u4eba\u6750\u30cd\u30c3\u30c8\u30ef\u30fc\u30af\u304b\u3089\u201c\u8cea\u306e\u9ad8\u3044\u201d\u5916\u56fd\u4eba\u9ad8\u5ea6\u4eba\u6750\u30fb\u6280 [&hellip;]<\/p>","protected":false},"author":2,"featured_media":0,"parent":0,"menu_order":0,"comment_status":"closed","ping_status":"closed","template":"","meta":{"_monsterinsights_skip_tracking":false,"_monsterinsights_sitenote_active":false,"_monsterinsights_sitenote_note":"","_monsterinsights_sitenote_category":0,"footnotes":""},"class_list":["post-2192","page","type-page","status-publish","hentry"],"_links":{"self":[{"href":"https:\/\/tgedu.com.vn\/vi\/wp-json\/wp\/v2\/pages\/2192","targetHints":{"allow":["GET"]}}],"collection":[{"href":"https:\/\/tgedu.com.vn\/vi\/wp-json\/wp\/v2\/pages"}],"about":[{"href":"https:\/\/tgedu.com.vn\/vi\/wp-json\/wp\/v2\/types\/page"}],"author":[{"embeddable":true,"href":"https:\/\/tgedu.com.vn\/vi\/wp-json\/wp\/v2\/users\/2"}],"replies":[{"embeddable":true,"href":"https:\/\/tgedu.com.vn\/vi\/wp-json\/wp\/v2\/comments?post=2192"}],"version-history":[{"count":6,"href":"https:\/\/tgedu.com.vn\/vi\/wp-json\/wp\/v2\/pages\/2192\/revisions"}],"predecessor-version":[{"id":2681,"href":"https:\/\/tgedu.com.vn\/vi\/wp-json\/wp\/v2\/pages\/2192\/revisions\/2681"}],"wp:attachment":[{"href":"https:\/\/tgedu.com.vn\/vi\/wp-json\/wp\/v2\/media?parent=2192"}],"curies":[{"name":"wp","href":"https:\/\/api.w.org\/{rel}","templated":true}]}}