{"id":26,"date":"2019-09-24T14:30:33","date_gmt":"2019-09-24T14:30:33","guid":{"rendered":"http:\/\/bdevs.net\/theme\/torun\/?page_id=26"},"modified":"2023-05-04T07:52:09","modified_gmt":"2023-05-04T07:52:09","slug":"%e3%83%8b%e3%83%a5%e3%83%bc%e3%82%b9","status":"publish","type":"page","link":"https:\/\/tgedu.com.vn\/vi\/%e3%83%8b%e3%83%a5%e3%83%bc%e3%82%b9\/","title":{"rendered":"Tin t\u1ee9c"},"content":{"rendered":"<div data-elementor-type=\"wp-page\" data-elementor-id=\"26\" class=\"elementor elementor-26\">\n\t\t\t\t\t\t\t\t\t<section class=\"elementor-section elementor-top-section elementor-element elementor-element-35d4482 elementor-section-boxed elementor-section-height-default elementor-section-height-default\" data-id=\"35d4482\" data-element_type=\"section\">\n\t\t\t\t\t\t<div class=\"elementor-container elementor-column-gap-default\">\n\t\t\t\t\t<div class=\"elementor-column elementor-col-100 elementor-top-column elementor-element elementor-element-3ae6a72\" data-id=\"3ae6a72\" data-element_type=\"column\">\n\t\t\t<div class=\"elementor-widget-wrap elementor-element-populated\">\n\t\t\t\t\t\t\t\t<div class=\"elementor-element elementor-element-fd0d4d7 elementor-widget elementor-widget-spacer\" data-id=\"fd0d4d7\" data-element_type=\"widget\" data-widget_type=\"spacer.default\">\n\t\t\t\t<div class=\"elementor-widget-container\">\n\t\t\t<style>\/*! elementor - v3.8.0 - 30-10-2022 *\/\n.elementor-column .elementor-spacer-inner{height:var(--spacer-size)}.e-con{--container-widget-width:100%}.e-con-inner>.elementor-widget-spacer,.e-con>.elementor-widget-spacer{width:var(--container-widget-width,var(--spacer-size));-ms-flex-item-align:stretch;align-self:stretch;-ms-flex-negative:0;flex-shrink:0}.e-con-inner>.elementor-widget-spacer>.elementor-widget-container,.e-con-inner>.elementor-widget-spacer>.elementor-widget-container>.elementor-spacer,.e-con>.elementor-widget-spacer>.elementor-widget-container,.e-con>.elementor-widget-spacer>.elementor-widget-container>.elementor-spacer{height:100%}.e-con-inner>.elementor-widget-spacer>.elementor-widget-container>.elementor-spacer>.elementor-spacer-inner,.e-con>.elementor-widget-spacer>.elementor-widget-container>.elementor-spacer>.elementor-spacer-inner{height:var(--container-widget-height,var(--spacer-size))}<\/style>\t\t<div class=\"elementor-spacer\">\n\t\t\t<div class=\"elementor-spacer-inner\"><\/div>\n\t\t<\/div>\n\t\t\t\t<\/div>\n\t\t\t\t<\/div>\n\t\t\t\t<div class=\"elementor-element elementor-element-a5f93e2 elementor-align-left elementor-widget elementor-widget-bdevs-blog-post\" data-id=\"a5f93e2\" data-element_type=\"widget\" data-widget_type=\"bdevs-blog-post.default\">\n\t\t\t\t<div class=\"elementor-widget-container\">\n\t\t\t\r\n            <!-- blog-area-start -->\r\n            <div class=\"blog-area\">\r\n                <div class=\"container\">\r\n                \t\t                    <div class=\"row mb-55\">\r\n\t                        <div class=\"col-xl-6 col-lg-6 col-md-8 mb-30\">\r\n\t                            <div class=\"section-title\">\r\n\t\t\t\t\t\t            \t\t\t\t\t\t                <span class=\"b-sm-left-1\" style=\";\"><\/span>\r\n\t                                \t<span class=\"b-sm-left-2\" style=\";\"><\/span>\r\n\t\t\t\t\t\t                <span class=\"sub-t-left\" style=\";  ;  ;\">B\u00e0i \u0111\u0103ng m\u1edbi nh\u1ea5t<\/span>\r\n\t\t\t\t\t\t             \r\n\r\n\t                        \t\t\t\t\t\t\t\t                <h1 style=\" ;  ; ; ;\">Xem c\u00e1c b\u00e0i \u0111\u0103ng m\u1edbi nh\u1ea5t c\u1ee7a ch\u00fang t\u00f4i<\/h1>\r\n\t\t\t\t\t\t             \r\n\t                            <\/div>\r\n\t                        <\/div>\r\n\t\t                    \t                    <\/div>\r\n                \t\r\n                    <div class=\"row\">\r\n\t\t\t\t\t\t<div class=\"col-xl-4 col-lg-4 col-md-12 mb-30\">\r\n\t\t                \t\t\t\t                \r\n\t\t                            <div class=\"blog-wrapper text-left\">\r\n\t\t                                <div class=\"blog-img\">\r\n\t\t                                    <a href=\"https:\/\/tgedu.com.vn\/vi\/%e5%9c%b0%e5%9f%9f%e6%b8%85%e6%8e%83%e3%83%bb%e6%97%a5%e6%9c%ac%e8%aa%9e%e8%ac%9b%e7%be%a9\/\"><img decoding=\"async\" src=\"https:\/\/tgedu.com.vn\/wp-content\/uploads\/2023\/05\/d60021cd915f84c7bb8cc951591e7c37_t.jpeg\" alt=\"\"><\/a>\r\n\t\t                                <\/div>\r\n\t\t                                <div class=\"blog-meta\">\r\n\t\t                                    <span> <i class=\"far fa-user\"><\/i> Hien Pham ThiThu<\/span>\r\n\t\t                                    <span> <i class=\"fal fa-calendar-alt\"><\/i> Th\u00e1ng 5 6, 2023<\/span>\r\n\t\t                                    <span> <i class=\"far fa-comments\"><\/i> (<a href=\"https:\/\/tgedu.com.vn\/vi\/%e5%9c%b0%e5%9f%9f%e6%b8%85%e6%8e%83%e3%83%bb%e6%97%a5%e6%9c%ac%e8%aa%9e%e8%ac%9b%e7%be%a9\/#respond\" class=\"latest-blog-comment\" >0<\/a>)<\/span>\r\n\t\t                                <\/div>\r\n\t\t                                <div class=\"blog-text\">\r\n\t\t                                    <h3><a href=\"https:\/\/tgedu.com.vn\/vi\/%e5%9c%b0%e5%9f%9f%e6%b8%85%e6%8e%83%e3%83%bb%e6%97%a5%e6%9c%ac%e8%aa%9e%e8%ac%9b%e7%be%a9\/\">D\u1ecdn v\u1ec7 sinh k\u00fd t\u00fac x\u00e1 \u2013 C\u00e1ch vi\u1ebft b\u00e1o c\u00e1o\/h\u1ed3 s\u01a1\/gi\u1ea5y t\u1edd<\/a><\/h3> \r\n\t\t                                    <p>\u30fb N\u0103m 2018    N\u1ed9i dung:<\/p>   \r\n\t\t                                    <a href=\"https:\/\/tgedu.com.vn\/vi\/%e5%9c%b0%e5%9f%9f%e6%b8%85%e6%8e%83%e3%83%bb%e6%97%a5%e6%9c%ac%e8%aa%9e%e8%ac%9b%e7%be%a9\/\"> <span class=\"blog-button\">read more <i class=\"far fa-long-arrow-right\"><\/i><\/span> <\/a>\r\n\t\t                                <\/div>\r\n\t\t                            <\/div>\r\n\t\t                        \r\n\t\t\t                    \t                \t<\/div>\r\n\r\n                        <div class=\"col-xl-8 col-lg-8\">\r\n                            \t\t\t                        <div class=\"blog-border mb-30 text-left\">\r\n\t\t                                <div class=\"row\">\r\n\t\t                                    <div class=\"col-xl-6 col-lg-6\">\r\n\t\t                                        <div class=\"blog-img\">\r\n\t\t                                            <a href=\"https:\/\/tgedu.com.vn\/vi\/%e6%97%a5%e6%9c%ac%e8%aa%9e%e8%ac%9b%e7%be%a9%e3%81%8a%e3%82%88%e3%81%b3%e5%ae%89%e5%85%a8%e8%ac%9b%e7%bf%92%e3%83%bb%e6%97%a5%e6%9c%ac%e6%96%87%e5%8c%96%e4%bd%93%e9%a8%93\/\"><img decoding=\"async\" src=\"https:\/\/tgedu.com.vn\/wp-content\/uploads\/2023\/05\/sub_2-scaled-1.jpeg\" alt=\"\"><\/a>\r\n\t\t                                        <\/div>   \r\n\t\t                                    <\/div>   \r\n\t\t                                    <div class=\"col-xl-6 col-lg-6\">\r\n\t\t                                        <div class=\"single-blog\">\r\n\t\t                                            <div class=\"blog-meta\">\r\n\t\t                                                <span> <i class=\"far fa-user\"><\/i> Hien Pham ThiThu<\/span>\r\n\t\t                                                <span> <i class=\"fal fa-calendar-alt\"><\/i> Th\u00e1ng 5 6, 2023<\/span>\r\n\t\t                                                <span> <i class=\"far fa-comments\"><\/i> (<a href=\"https:\/\/tgedu.com.vn\/vi\/%e6%97%a5%e6%9c%ac%e8%aa%9e%e8%ac%9b%e7%be%a9%e3%81%8a%e3%82%88%e3%81%b3%e5%ae%89%e5%85%a8%e8%ac%9b%e7%bf%92%e3%83%bb%e6%97%a5%e6%9c%ac%e6%96%87%e5%8c%96%e4%bd%93%e9%a8%93\/#respond\" class=\"latest-blog-comment\" >0<\/a>)<\/span>\r\n\t\t                                            <\/div>\r\n\t\t                                            <div class=\"blog-text\">\r\n\t\t                                                <h3><a href=\"https:\/\/tgedu.com.vn\/vi\/%e6%97%a5%e6%9c%ac%e8%aa%9e%e8%ac%9b%e7%be%a9%e3%81%8a%e3%82%88%e3%81%b3%e5%ae%89%e5%85%a8%e8%ac%9b%e7%bf%92%e3%83%bb%e6%97%a5%e6%9c%ac%e6%96%87%e5%8c%96%e4%bd%93%e9%a8%93\/\">L\u1edbp h\u1ecdc ti\u1ebfng Nh\u1eadt \/ Tr\u1ea3i nghi\u1ec7m v\u0103n h\u00f3a Nh\u1eadt B\u1ea3n<\/a><\/h3> \r\n\t\t                                    \t\t\t<p>\u30fb N\u0103m 2018    L\u1edbp h\u1ecdc ti\u1ebfng Nh\u1eadt<\/p>   \r\n\t\t                                            <\/div>\r\n\t\t                                        <\/div>\r\n\t\t                                    <\/div> \r\n\t\t                                <\/div>\r\n\t\t                            <\/div>\r\n\t\t\t                    \t\t\t                        <div class=\"blog-border mb-30 text-left\">\r\n\t\t                                <div class=\"row\">\r\n\t\t                                    <div class=\"col-xl-6 col-lg-6\">\r\n\t\t                                        <div class=\"blog-img\">\r\n\t\t                                            <a href=\"https:\/\/tgedu.com.vn\/vi\/%e6%97%a5%e6%9c%ac%e8%aa%9e%e8%ac%9b%e7%be%a9%e3%83%bb%e6%97%a5%e6%9c%ac%e6%96%87%e5%8c%96%e4%bd%93%e9%a8%93\/\"><img decoding=\"async\" src=\"https:\/\/tgedu.com.vn\/wp-content\/uploads\/2023\/05\/page-main_more07.jpeg\" alt=\"\"><\/a>\r\n\t\t                                        <\/div>   \r\n\t\t                                    <\/div>   \r\n\t\t                                    <div class=\"col-xl-6 col-lg-6\">\r\n\t\t                                        <div class=\"single-blog\">\r\n\t\t                                            <div class=\"blog-meta\">\r\n\t\t                                                <span> <i class=\"far fa-user\"><\/i> Hien Pham ThiThu<\/span>\r\n\t\t                                                <span> <i class=\"fal fa-calendar-alt\"><\/i> Th\u00e1ng 5 6, 2023<\/span>\r\n\t\t                                                <span> <i class=\"far fa-comments\"><\/i> (<a href=\"https:\/\/tgedu.com.vn\/vi\/%e6%97%a5%e6%9c%ac%e8%aa%9e%e8%ac%9b%e7%be%a9%e3%83%bb%e6%97%a5%e6%9c%ac%e6%96%87%e5%8c%96%e4%bd%93%e9%a8%93\/#respond\" class=\"latest-blog-comment\" >0<\/a>)<\/span>\r\n\t\t                                            <\/div>\r\n\t\t                                            <div class=\"blog-text\">\r\n\t\t                                                <h3><a href=\"https:\/\/tgedu.com.vn\/vi\/%e6%97%a5%e6%9c%ac%e8%aa%9e%e8%ac%9b%e7%be%a9%e3%83%bb%e6%97%a5%e6%9c%ac%e6%96%87%e5%8c%96%e4%bd%93%e9%a8%93\/\">L\u1edbp h\u1ecdc ti\u1ebfng Nh\u1eadt \/ Tr\u1ea3i nghi\u1ec7m v\u0103n h\u00f3a Nh\u1eadt B\u1ea3n<\/a><\/h3> \r\n\t\t                                    \t\t\t<p>\u30fb N\u0103m 2018    N\u1ed9i dung:<\/p>   \r\n\t\t                                            <\/div>\r\n\t\t                                        <\/div>\r\n\t\t                                    <\/div> \r\n\t\t                                <\/div>\r\n\t\t                            <\/div>\r\n\t\t\t                                            <\/div>\r\n                    <\/div>\r\n                <\/div>\r\n            <\/div>\r\n            <!-- blog-area-end -->\r\n\r\n\t\t\t\t\t<\/div>\n\t\t\t\t<\/div>\n\t\t\t\t\t<\/div>\n\t\t<\/div>\n\t\t\t\t\t\t\t<\/div>\n\t\t<\/section>\n\t\t\t\t\t\t\t<\/div>","protected":false},"excerpt":{"rendered":"<p>\u6700\u65b0\u6295\u7a3f \u6700\u65b0\u6295\u7a3f\u3092\u3054\u89a7\u304f\u3060\u3055\u3044 Hien Pham ThiThu November 22, 2022 (0) [&hellip;]<\/p>","protected":false},"author":1,"featured_media":0,"parent":0,"menu_order":0,"comment_status":"closed","ping_status":"closed","template":"","meta":{"_monsterinsights_skip_tracking":false,"_monsterinsights_sitenote_active":false,"_monsterinsights_sitenote_note":"","_monsterinsights_sitenote_category":0,"footnotes":""},"class_list":["post-26","page","type-page","status-publish","hentry"],"_links":{"self":[{"href":"https:\/\/tgedu.com.vn\/vi\/wp-json\/wp\/v2\/pages\/26","targetHints":{"allow":["GET"]}}],"collection":[{"href":"https:\/\/tgedu.com.vn\/vi\/wp-json\/wp\/v2\/pages"}],"about":[{"href":"https:\/\/tgedu.com.vn\/vi\/wp-json\/wp\/v2\/types\/page"}],"author":[{"embeddable":true,"href":"https:\/\/tgedu.com.vn\/vi\/wp-json\/wp\/v2\/users\/1"}],"replies":[{"embeddable":true,"href":"https:\/\/tgedu.com.vn\/vi\/wp-json\/wp\/v2\/comments?post=26"}],"version-history":[{"count":4,"href":"https:\/\/tgedu.com.vn\/vi\/wp-json\/wp\/v2\/pages\/26\/revisions"}],"predecessor-version":[{"id":2717,"href":"https:\/\/tgedu.com.vn\/vi\/wp-json\/wp\/v2\/pages\/26\/revisions\/2717"}],"wp:attachment":[{"href":"https:\/\/tgedu.com.vn\/vi\/wp-json\/wp\/v2\/media?parent=26"}],"curies":[{"name":"wp","href":"https:\/\/api.w.org\/{rel}","templated":true}]}}