{"id":357,"date":"2019-10-15T04:41:33","date_gmt":"2019-10-15T04:41:33","guid":{"rendered":"http:\/\/bdevs.net\/theme\/torun\/?page_id=357"},"modified":"2023-05-08T13:34:48","modified_gmt":"2023-05-08T13:34:48","slug":"%e4%bc%9a%e7%a4%be%e6%a6%82%e8%a6%81","status":"publish","type":"page","link":"https:\/\/tgedu.com.vn\/vi\/%e4%bc%9a%e7%a4%be%e6%a6%82%e8%a6%81\/","title":{"rendered":"Gi\u1edbi thi\u1ec7u"},"content":{"rendered":"<div data-elementor-type=\"wp-page\" data-elementor-id=\"357\" class=\"elementor elementor-357\">\n\t\t\t\t\t\t\t\t\t<section class=\"elementor-section elementor-top-section elementor-element elementor-element-72c6fc2 about-area elementor-section-boxed elementor-section-height-default elementor-section-height-default\" data-id=\"72c6fc2\" data-element_type=\"section\">\n\t\t\t\t\t\t<div class=\"elementor-container elementor-column-gap-extended\">\n\t\t\t\t\t<div class=\"elementor-column elementor-col-50 elementor-top-column elementor-element elementor-element-fa10829\" data-id=\"fa10829\" data-element_type=\"column\">\n\t\t\t<div class=\"elementor-widget-wrap elementor-element-populated\">\n\t\t\t\t\t\t\t\t<div class=\"elementor-element elementor-element-6c75894 about-img elementor-widget elementor-widget-image\" data-id=\"6c75894\" data-element_type=\"widget\" data-widget_type=\"image.default\">\n\t\t\t\t<div class=\"elementor-widget-container\">\n\t\t\t<style>\/*! elementor - v3.8.0 - 30-10-2022 *\/\n.elementor-widget-image{text-align:center}.elementor-widget-image a{display:inline-block}.elementor-widget-image a img[src$=\".svg\"]{width:48px}.elementor-widget-image img{vertical-align:middle;display:inline-block}<\/style>\t\t\t\t\t\t\t\t\t\t\t\t<img decoding=\"async\" src=\"https:\/\/tgedu.com.vn\/wp-content\/uploads\/2022\/11\/1-1-1.jpg\" title=\"1 (1)\" alt=\"1 (1)\" \/>\t\t\t\t\t\t\t\t\t\t\t\t\t\t\t<\/div>\n\t\t\t\t<\/div>\n\t\t\t\t\t<\/div>\n\t\t<\/div>\n\t\t\t\t<div class=\"elementor-column elementor-col-50 elementor-top-column elementor-element elementor-element-e233d00\" data-id=\"e233d00\" data-element_type=\"column\">\n\t\t\t<div class=\"elementor-widget-wrap elementor-element-populated\">\n\t\t\t\t\t\t\t\t<div class=\"elementor-element elementor-element-8e8f224 elementor-align-justify elementor-widget elementor-widget-bdevs-about\" data-id=\"8e8f224\" data-element_type=\"widget\" data-widget_type=\"bdevs-about.default\">\n\t\t\t\t<div class=\"elementor-widget-container\">\n\t\t\t\t\t\t<div class=\"about-wrapper-box\">\r\n\t            <div class=\"about-text\">\r\n\t            \t\t \r\n\r\n\t\t\t\t\t\t\t\t\t\t\t<h1 style=\"; ; ; ;\">L\u1eddi ch\u00e0o <span style=\"; ;\"> <\/span><\/h1>\r\n\t\t\t\t\t\t\r\n\r\n\t\t\t\t\t\t\t\t\t\t\t<p style=\"; ;\"><br>\nC\u00f4ng ty TNHH \u0110\u1ea7u t\u01b0 v\u00e0 Ph\u00e1t tri\u1ec3n Th\u01b0\u01a1ng m\u1ea1i Thanh Giang (\u201cTG Vi\u1ec7t Nam\u201d) l\u00e0 m\u1ed9t c\u00f4ng ty gi\u1edbi thi\u1ec7u v\u00e0 cung c\u1ea5p nh\u00e2n l\u1ef1c ng\u01b0\u1eddi Vi\u1ec7t Nam - ngu\u1ed3n nh\u00e2n l\u1ef1c \u0111\u01b0\u1ee3c \u0111\u00e1nh gi\u00e1 l\u00e0 th\u00f4ng minh, kh\u00e9o l\u00e9o v\u00e0 c\u1ea7n c\u00f9. \u0110\u1ed3ng th\u1eddi TG Vi\u1ec7t Nam c\u0169ng l\u00e0 \u0111\u01a1n v\u1ecb chuy\u00ean x\u00fac ti\u1ebfn, k\u1ebft n\u1ed1i v\u00e0 t\u01b0 v\u1ea5n \u0111\u1ea7u t\u01b0 v\u1edbi m\u1ee5c ti\u00eau l\u00e0 \u201cC\u1ea7u n\u1ed1i g\u1eafn k\u1ebft gi\u1eefa nh\u00e0 \u0111\u1ea7u t\u01b0 n\u01b0\u1edbc ngo\u00e0i v\u00e0 Vi\u1ec7t Nam\u201d\n<br>\n\nCh\u00fang t\u00f4i chuy\u00ean gi\u1edbi thi\u1ec7u v\u00e0 cung c\u1ea5p nh\u00e2n l\u1ef1c ng\u01b0\u1eddi Vi\u1ec7t Nam - ngu\u1ed3n nh\u00e2n l\u1ef1c \u0111\u01b0\u1ee3c \u0111\u00e1nh gi\u00e1 l\u00e0 th\u00f4ng minh, kh\u00e9o l\u00e9o v\u00e0 c\u1ea7n c\u00f9.\n<br>\nK\u1ec3 t\u1eeb khi th\u00e0nh l\u1eadp v\u00e0o n\u0103m 2015, ch\u00fang t\u00f4i s\u1eb5n s\u00e0ng \u0111\u00e1p \u1ee9ng m\u1ecdi nhu c\u1ea7u v\u1ec1 nh\u00e2n l\u1ef1c c\u1ee7a kh\u00e1ch h\u00e0ng v\u00e0 \u0111\u1ed1i t\u00e1c, bao g\u1ed3m c\u1ea3 sinh vi\u00ean th\u1ef1c t\u1eadp v\u00e0 cung \u1ee9ng k\u1ef9 thu\u1eadt vi\u00ean. Ch\u00fang t\u00f4i cam k\u1ebft s\u1ebd mang \u0111\u1ebfn cho kh\u00e1ch h\u00e0ng ngu\u1ed3n nh\u00e2n l\u1ef1c t\u1ed1t nh\u1ea5t, ch\u1ea5t l\u01b0\u1ee3ng nh\u1ea5t c\u0169ng nh\u01b0 c\u00e1c ph\u01b0\u01a1ng \u00e1n \u0111\u1ea7u t\u01b0, giao th\u01b0\u01a1ng... nh\u1eb1m gi\u00fap h\u1ecd \u0111\u1ea1t \u0111\u01b0\u1ee3c m\u1ee5c ti\u00eau s\u1ea3n xu\u1ea5t kinh doanh v\u00e0 n\u00e2ng cao kh\u1ea3 n\u0103ng c\u1ea1nh tranh tr\u00ean th\u1ecb tr\u01b0\u1eddng.\n<br>\nCh\u00fang t\u00f4i s\u1ebd ti\u1ebfp t\u1ee5c n\u1ed7 l\u1ef1c ho\u00e0n thi\u1ec7n c\u00e1c th\u1ebf m\u1ea1nh c\u1ee7a m\u00ecnh, cung c\u1ea5p c\u00e1c d\u1ecbch v\u1ee5 ch\u1ea5t l\u01b0\u1ee3ng cao v\u1edbi \u0111\u1ea7y \u0111\u1ee7 c\u00f4ng ngh\u1ec7 ti\u00ean ti\u1ebfn, t\u1ea1o \u0111\u01b0\u1ee3c s\u1ef1 tin t\u01b0\u1edfng c\u1ee7a kh\u00e1ch h\u00e0ng v\u00e0 \u0111\u1ed1i t\u00e1c.\n<br>\n\nR\u1ea5t mong ti\u1ebfp t\u1ee5c nh\u1eadn \u0111\u01b0\u1ee3c s\u1ef1 c\u1ed9ng t\u00e1c ch\u1eb7t ch\u1ebd c\u1ee7a qu\u00fd v\u1ecb.\n<br>\n<br>\nGi\u00e1m \u0111\u1ed1c\n<br>\nMs. Nguy\u1ec5n Th\u1ecb H\u1ed3ng H\u1ea1nh\n<br>\n<p><\/p><\/p>\r\n\t\t\t\t\t\t\r\n\r\n\t\t\t\t\t\r\n\t            <\/div>\r\n\r\n\t        \t        \t<\/div>\r\n\r\n\t\t\t\r\n\t\t\t<\/div>\n\t\t\t\t<\/div>\n\t\t\t\t\t<\/div>\n\t\t<\/div>\n\t\t\t\t\t\t\t<\/div>\n\t\t<\/section>\n\t\t\t\t<section class=\"elementor-section elementor-top-section elementor-element elementor-element-6b66c44 elementor-section-boxed elementor-section-height-default elementor-section-height-default\" data-id=\"6b66c44\" data-element_type=\"section\">\n\t\t\t\t\t\t<div class=\"elementor-container elementor-column-gap-default\">\n\t\t\t\t\t<div class=\"elementor-column elementor-col-100 elementor-top-column elementor-element elementor-element-ac95733\" data-id=\"ac95733\" data-element_type=\"column\">\n\t\t\t<div class=\"elementor-widget-wrap elementor-element-populated\">\n\t\t\t\t\t\t\t\t<div class=\"elementor-element elementor-element-df1e495 elementor-widget elementor-widget-heading\" data-id=\"df1e495\" data-element_type=\"widget\" data-widget_type=\"heading.default\">\n\t\t\t\t<div class=\"elementor-widget-container\">\n\t\t\t<style>\/*! elementor - v3.8.0 - 30-10-2022 *\/\n.elementor-heading-title{padding:0;margin:0;line-height:1}.elementor-widget-heading .elementor-heading-title[class*=elementor-size-]>a{color:inherit;font-size:inherit;line-height:inherit}.elementor-widget-heading .elementor-heading-title.elementor-size-small{font-size:15px}.elementor-widget-heading .elementor-heading-title.elementor-size-medium{font-size:19px}.elementor-widget-heading .elementor-heading-title.elementor-size-large{font-size:29px}.elementor-widget-heading .elementor-heading-title.elementor-size-xl{font-size:39px}.elementor-widget-heading .elementor-heading-title.elementor-size-xxl{font-size:59px}<\/style><h2 class=\"elementor-heading-title elementor-size-default\">Gi\u1edbi thi\u1ec7u<\/h2>\t\t<\/div>\n\t\t\t\t<\/div>\n\t\t\t\t<div class=\"elementor-element elementor-element-25f561a elementor-widget elementor-widget-text-editor\" data-id=\"25f561a\" data-element_type=\"widget\" data-widget_type=\"text-editor.default\">\n\t\t\t\t<div class=\"elementor-widget-container\">\n\t\t\t<style>\/*! elementor - v3.8.0 - 30-10-2022 *\/\n.elementor-widget-text-editor.elementor-drop-cap-view-stacked .elementor-drop-cap{background-color:#818a91;color:#fff}.elementor-widget-text-editor.elementor-drop-cap-view-framed .elementor-drop-cap{color:#818a91;border:3px solid;background-color:transparent}.elementor-widget-text-editor:not(.elementor-drop-cap-view-default) .elementor-drop-cap{margin-top:8px}.elementor-widget-text-editor:not(.elementor-drop-cap-view-default) .elementor-drop-cap-letter{width:1em;height:1em}.elementor-widget-text-editor .elementor-drop-cap{float:left;text-align:center;line-height:1;font-size:50px}.elementor-widget-text-editor .elementor-drop-cap-letter{display:inline-block}<\/style>\t\t\t\t<p>\n<table id=\"tablepress-1\" class=\"tablepress tablepress-id-1 my-class\">\n<tbody>\n<tr class=\"row-1 odd\">\n\t<td class=\"column-1\">T\u00ean c\u00f4ng ty<\/td><td class=\"column-2\">TG INVESCO Co.,Ltd.<\/td>\n<\/tr>\n<tr class=\"row-2 even\">\n\t<td class=\"column-1\">Th\u00e0nh l\u1eadp<\/td><td class=\"column-2\">Th\u00e1ng 05 n\u0103m 2006:  th\u00e0nh l\u1eadp Trung t\u00e2m H\u1ed7 tr\u1ee3 \u0111\u00e0o t\u1ea1o nh\u00e2n l\u1ef1c<br \/>\nTh\u00e1ng 12 n\u0103m 2015:  th\u00e0nh l\u1eadp C\u00f4ng ty<br \/>\n<\/td>\n<\/tr>\n<tr class=\"row-3 odd\">\n\t<td class=\"column-1\">Ng\u00e0nh ngh\u1ec1 kinh doanh<\/td><td class=\"column-2\">1. Gi\u1edbi thi\u1ec7u vi\u1ec7c l\u00e0m t\u1ea1i n\u01b0\u1edbc ngo\u00e0i cho nh\u00e2n l\u1ef1c ch\u1ea5t l\u01b0\u1ee3ng cao, k\u1ef9 thu\u1eadt vi\u00ean<br \/>\n2. T\u01b0 v\u1ea5n ti\u1ebfp nh\u1eadn lao \u0111\u1ed9ng ph\u1ed5 th\u00f4ng n\u01b0\u1edbc ngo\u00e0i<br \/>\n3. Gi\u1edbi thi\u1ec7u sinh vi\u00ean \u0111i th\u1ef1c t\u1eadp n\u01b0\u1edbc ngo\u00e0i (Internship)<br \/>\n4. T\u01b0 v\u1ea5n du h\u1ecdc Nh\u1eadt B\u1ea3n, H\u00e0n Qu\u1ed1c\u2026<br \/>\n5. H\u1ed7 tr\u1ee3 \u0111\u00e0o t\u1ea1o lao \u0111\u1ed9ng n\u01b0\u1edbc ngo\u00e0i<br \/>\n6. D\u1ecbch v\u1ee5 BPO<br \/>\n7. T\u01b0 v\u1ea5n v\u00e0 x\u00fac ti\u1ebfn \u0111\u1ea7u t\u01b0 n\u01b0\u1edbc ngo\u00e0i<br \/>\n8. Xu\u1ea5t nh\u1eadp kh\u1ea9u\u2026<br \/>\n<\/td>\n<\/tr>\n<tr class=\"row-4 even\">\n\t<td class=\"column-1\">\u0110\u1ea1i di\u1ec7n<\/td><td class=\"column-2\">Gi\u00e1m \u0111\u1ed1c \u0111i\u1ec1u h\u00e0nh: NGUY\u1ec4N TH\u1eca H\u1ed2NG H\u1ea0NH<br \/>\n<\/td>\n<\/tr>\n<tr class=\"row-5 odd\">\n\t<td colspan=\"2\" class=\"column-1\">C\u01a1 s\u1edf ho\u1ea1t \u0111\u1ed9ng t\u1ea1i Vi\u1ec7t Nam<\/td>\n<\/tr>\n<tr class=\"row-6 even\">\n\t<td class=\"column-1\">T\u1ed5ng c\u00f4ng ty<\/td><td class=\"column-2\">No1 E7, Truong Phat, Truong An, An Khanh, Hoai Duc, Ha Noi, Viet Nam<br \/>\nTel:     +84-24-6663-3188<br \/>\nFax: +84-24-3326-1666<br \/>\n<\/td>\n<\/tr>\n<tr class=\"row-7 odd\">\n\t<td colspan=\"2\" class=\"column-1\">C\u01a1 s\u1edf ho\u1ea1t \u0111\u1ed9ng t\u1ea1i n\u01b0\u1edbc ngo\u00e0i<\/td>\n<\/tr>\n<tr class=\"row-8 even\">\n\t<td class=\"column-1\">Nh\u1eadt B\u1ea3n<\/td><td class=\"column-2\">C\u00f4ng ty con:<br \/>\nC\u00f4ng ty c\u1ed5 ph\u1ea7n TG\nSEIKOHSHA<br \/>\n\u3012105-0004 Tokyo-to, Minato-ku, Shinbashi 2 Chome - 11 - 5, Hasegawa Building<br \/>\n<\/td>\n<\/tr>\n<tr class=\"row-9 odd\">\n\t<td class=\"column-1\">H\u00e0n Qu\u1ed1c<\/td><td class=\"column-2\">C\u00f4ng ty con:<br \/>\nC\u00f4ng ty c\u1ed5 ph\u1ea7n TG KOREA<br \/>\n\u301222636\u3000820,8F 153, Wanjeong-ro, Seo-gu, Incheon, Korea<\/td>\n<\/tr>\n<\/tbody>\n<\/table>\n<!-- #tablepress-1 from cache --><\/p>\t\t\t\t\t\t<\/div>\n\t\t\t\t<\/div>\n\t\t\t\t\t<\/div>\n\t\t<\/div>\n\t\t\t\t\t\t\t<\/div>\n\t\t<\/section>\n\t\t\t\t<section class=\"elementor-section elementor-top-section elementor-element elementor-element-681a5cb elementor-section-boxed elementor-section-height-default elementor-section-height-default\" data-id=\"681a5cb\" data-element_type=\"section\">\n\t\t\t\t\t\t<div class=\"elementor-container elementor-column-gap-default\">\n\t\t\t\t\t<div class=\"elementor-column elementor-col-100 elementor-top-column elementor-element elementor-element-3300b08\" data-id=\"3300b08\" data-element_type=\"column\">\n\t\t\t<div class=\"elementor-widget-wrap elementor-element-populated\">\n\t\t\t\t\t\t\t\t<div class=\"elementor-element elementor-element-abfd574 elementor-widget elementor-widget-heading\" data-id=\"abfd574\" data-element_type=\"widget\" data-widget_type=\"heading.default\">\n\t\t\t\t<div class=\"elementor-widget-container\">\n\t\t\t<h4 class=\"elementor-heading-title elementor-size-default\">Access Map<\/h4>\t\t<\/div>\n\t\t\t\t<\/div>\n\t\t\t\t<div class=\"elementor-element elementor-element-da73ba9 elementor-widget elementor-widget-google_maps\" data-id=\"da73ba9\" data-element_type=\"widget\" data-widget_type=\"google_maps.default\">\n\t\t\t\t<div class=\"elementor-widget-container\">\n\t\t\t<style>\/*! elementor - v3.8.0 - 30-10-2022 *\/\n.elementor-widget-google_maps .elementor-widget-container{overflow:hidden}.elementor-widget-google_maps iframe{height:300px}<\/style>\t\t<div class=\"elementor-custom-embed\">\n\t\t\t<iframe frameborder=\"0\" scrolling=\"no\" marginheight=\"0\" marginwidth=\"0\"\n\t\t\t\t\tsrc=\"https:\/\/maps.google.com\/maps?q=XPWM%2BJ4C%2C%20An%20Kh%C3%A1nh%2C%20Ho%C3%A0i%20%C4%90%E1%BB%A9c%2C%20H%C3%A0%20N%E1%BB%99i&#038;t=m&#038;z=15&#038;output=embed&#038;iwloc=near\"\n\t\t\t\t\ttitle=\"XPWM+J4C, An Kh\u00e1nh, Ho\u00e0i \u0110\u1ee9c, H\u00e0 N\u1ed9i\"\n\t\t\t\t\taria-label=\"XPWM+J4C, An Kh\u00e1nh, Ho\u00e0i \u0110\u1ee9c, H\u00e0 N\u1ed9i\"\n\t\t\t><\/iframe>\n\t\t<\/div>\n\t\t\t\t<\/div>\n\t\t\t\t<\/div>\n\t\t\t\t<div class=\"elementor-element elementor-element-113c04c elementor-widget elementor-widget-spacer\" data-id=\"113c04c\" data-element_type=\"widget\" data-widget_type=\"spacer.default\">\n\t\t\t\t<div class=\"elementor-widget-container\">\n\t\t\t<style>\/*! elementor - v3.8.0 - 30-10-2022 *\/\n.elementor-column .elementor-spacer-inner{height:var(--spacer-size)}.e-con{--container-widget-width:100%}.e-con-inner>.elementor-widget-spacer,.e-con>.elementor-widget-spacer{width:var(--container-widget-width,var(--spacer-size));-ms-flex-item-align:stretch;align-self:stretch;-ms-flex-negative:0;flex-shrink:0}.e-con-inner>.elementor-widget-spacer>.elementor-widget-container,.e-con-inner>.elementor-widget-spacer>.elementor-widget-container>.elementor-spacer,.e-con>.elementor-widget-spacer>.elementor-widget-container,.e-con>.elementor-widget-spacer>.elementor-widget-container>.elementor-spacer{height:100%}.e-con-inner>.elementor-widget-spacer>.elementor-widget-container>.elementor-spacer>.elementor-spacer-inner,.e-con>.elementor-widget-spacer>.elementor-widget-container>.elementor-spacer>.elementor-spacer-inner{height:var(--container-widget-height,var(--spacer-size))}<\/style>\t\t<div class=\"elementor-spacer\">\n\t\t\t<div class=\"elementor-spacer-inner\"><\/div>\n\t\t<\/div>\n\t\t\t\t<\/div>\n\t\t\t\t<\/div>\n\t\t\t\t\t<\/div>\n\t\t<\/div>\n\t\t\t\t\t\t\t<\/div>\n\t\t<\/section>\n\t\t\t\t\t\t\t<\/div>","protected":false},"excerpt":{"rendered":"<p>\u3054\u6328\u62f6 TG INVESCO Co.,Ltd.\u306e\u5275\u8a2d\u30c1\u30fc\u30e0\u306f\u3001\u7559\u5b66\u306a\u3069\u3067\u65e5\u672c\u3068\u3044\u304f\u3064\u304b\u306e\u30e8\u30fc\u30ed\u30c3\u30d1\u8af8\u56fd\u306b\u4f4f\u307f\u3001 [&hellip;]<\/p>","protected":false},"author":1,"featured_media":0,"parent":0,"menu_order":0,"comment_status":"closed","ping_status":"closed","template":"elementor_header_footer","meta":{"_monsterinsights_skip_tracking":false,"_monsterinsights_sitenote_active":false,"_monsterinsights_sitenote_note":"","_monsterinsights_sitenote_category":0,"footnotes":""},"class_list":["post-357","page","type-page","status-publish","hentry"],"_links":{"self":[{"href":"https:\/\/tgedu.com.vn\/vi\/wp-json\/wp\/v2\/pages\/357","targetHints":{"allow":["GET"]}}],"collection":[{"href":"https:\/\/tgedu.com.vn\/vi\/wp-json\/wp\/v2\/pages"}],"about":[{"href":"https:\/\/tgedu.com.vn\/vi\/wp-json\/wp\/v2\/types\/page"}],"author":[{"embeddable":true,"href":"https:\/\/tgedu.com.vn\/vi\/wp-json\/wp\/v2\/users\/1"}],"replies":[{"embeddable":true,"href":"https:\/\/tgedu.com.vn\/vi\/wp-json\/wp\/v2\/comments?post=357"}],"version-history":[{"count":34,"href":"https:\/\/tgedu.com.vn\/vi\/wp-json\/wp\/v2\/pages\/357\/revisions"}],"predecessor-version":[{"id":2872,"href":"https:\/\/tgedu.com.vn\/vi\/wp-json\/wp\/v2\/pages\/357\/revisions\/2872"}],"wp:attachment":[{"href":"https:\/\/tgedu.com.vn\/vi\/wp-json\/wp\/v2\/media?parent=357"}],"curies":[{"name":"wp","href":"https:\/\/api.w.org\/{rel}","templated":true}]}}