{"id":414,"date":"2019-10-15T07:14:36","date_gmt":"2019-10-15T07:14:36","guid":{"rendered":"http:\/\/bdevs.net\/theme\/torun\/?page_id=414"},"modified":"2023-05-04T06:44:57","modified_gmt":"2023-05-04T06:44:57","slug":"%e4%ba%8b%e6%a5%ad%e7%b4%b9%e4%bb%8b","status":"publish","type":"page","link":"https:\/\/tgedu.com.vn\/vi\/%e4%ba%8b%e6%a5%ad%e7%b4%b9%e4%bb%8b\/","title":{"rendered":"D\u1ecbch v\u1ee5"},"content":{"rendered":"<div data-elementor-type=\"wp-page\" data-elementor-id=\"414\" class=\"elementor elementor-414\">\n\t\t\t\t\t\t\t\t\t<section class=\"elementor-section elementor-top-section elementor-element elementor-element-39d19e8 elementor-section-full_width elementor-section-height-default elementor-section-height-default\" data-id=\"39d19e8\" data-element_type=\"section\">\n\t\t\t\t\t\t<div class=\"elementor-container elementor-column-gap-no\">\n\t\t\t\t\t<div class=\"elementor-column elementor-col-100 elementor-top-column elementor-element elementor-element-94a396d\" data-id=\"94a396d\" data-element_type=\"column\">\n\t\t\t<div class=\"elementor-widget-wrap elementor-element-populated\">\n\t\t\t\t\t\t\t\t<div class=\"elementor-element elementor-element-b446eed elementor-align-center elementor-widget elementor-widget-bdevs-service-post\" data-id=\"b446eed\" data-element_type=\"widget\" data-widget_type=\"bdevs-service-post.default\">\n\t\t\t\t<div class=\"elementor-widget-container\">\n\t\t\t\r\n\t\t\r\n\r\n\t\t\t<!-- our-services-area-start -->\r\n\t\t\t<div class=\"our-services-area\">\r\n\t\t\t\t<div class=\"container\">\r\n\t\t\t\t\t\t\t\t\t\t\t<div class=\"row\">\r\n\t\t\t\t\t\t\t<div class=\"col-xl-8 col-lg-8 offset-lg-2 offset-xl-2\">\r\n\t\t\t\t\t\t\t\t<div class=\"section-title ml-50 mr-50 mb-85\">\r\n\t\t\t\t\t\t\t\t\t\t\t\t\t\t\t\t\t\t\t<span class=\"border-left-1\" style=\"background-color:#096bd8;\"><\/span>\r\n\t\t\t\t\t\t\t\t\t\t<span style=\"; color:#096bd8; ;\">D\u1ecbch v\u1ee5<\/span>\r\n\t\t\t\t\t\t\t\t\t\t<span class=\"border-right-1\" style=\"background-color:#096bd8;\"><\/span>\r\n\t\t\t\t\t\t\t\t\t\r\n\t\t\t\t\t\t\t\t\t\t\t\t\t\t\t\t\t\t\t<h3 style=\"; ; ; ;\">Ch\u00fang t\u00f4i chuy\u00ean gi\u1edbi thi\u1ec7u v\u00e0 cung c\u1ea5p nh\u00e2n l\u1ef1c ng\u01b0\u1eddi Vi\u1ec7t Nam - ngu\u1ed3n nh\u00e2n l\u1ef1c \u0111\u01b0\u1ee3c \u0111\u00e1nh gi\u00e1 l\u00e0 th\u00f4ng minh, kh\u00e9o l\u00e9o v\u00e0 c\u1ea7n c\u00f9.<\/h3>\r\n\t\t\t\t\t\t\t\t\t\t\t\t\t\t\t\t\t<\/div>\r\n\t\t\t\t\t\t\t<\/div>\r\n\t\t\t\t\t\t<\/div>\r\n\t\t\t\t\t\t\t\t\t\t<div class=\"row justify-content-center\">\r\n\t\t\t\t\t\t\t\t\t\t\t\t\t\t<div class=\"col-xl-4 col-lg-4 col-md-6\">\r\n\t\t\t\t\t\t\t\t\t<div class=\"our-services-wrapper mb-30 text-left\">\r\n\t\t\t\t\t\t\t\t\t\t\t\t\t\t\t\t\t\t\t\t\t<div class=\"our-services-img\">\r\n\t\t\t\t\t\t\t\t\t\t\t\t<img loading=\"lazy\" decoding=\"async\" width=\"726\" height=\"554\" src=\"https:\/\/tgedu.com.vn\/wp-content\/uploads\/2019\/10\/Screen-Shot-2022-08-26-at-21.16.53-e1669045780284-726x554.png\" class=\"attachment-torun-service-thumb size-torun-service-thumb wp-post-image\" alt=\"\" \/>\t\t\t\t\t\t\t\t\t\t\t<\/div>\r\n\t\t\t\t\t\t\t\t\t\t\r\n\t\t\t\t\t\t\t\t\t\t<div class=\"our-services-content\">\r\n\t\t\t\t\t\t\t\t\t\t\t<div class=\"our-services-icon\">\r\n\t\t\t\t\t\t\t\t\t\t\t\t<i class=\"\"><\/i>\r\n\t\t\t\t\t\t\t\t\t\t\t<\/div>\r\n\t\t\t\t\t\t\t\t\t\t\t<div class=\"our-services-text\">\r\n\t\t\t\t\t\t\t\t\t\t\t\t<h3>Xu\u1ea5t nh\u1eadp kh\u1ea9u<\/h3>\r\n\t\t\t\t\t\t\t\t\t\t\t\t<p>Ngo\u00e0i nghi\u1ec7p v\u1ee5 xu\u1ea5t nh\u1eadp kh\u1ea9u tr\u1ef1c ti\u1ebfp, ch\u00fang t\u00f4i s\u1ebd gi\u00fap b\u1ea1n<\/p>\r\n\t\t\t\t\t\t\t\t\t\t\t\t\t\t\t\t\t\t\t\t\t\t\t\t\t<a href=\"https:\/\/tgedu.com.vn\/vi\/service\/%e8%bc%b8%e5%87%ba%e5%85%a5\/\">Chi ti\u1ebft\t\t\t\t\t\t\t\t\t\t\t\t\t\t\t\t\t\t\t\t\t\t\t\t\t\t\t\t\t<i class=\"far fa-long-arrow-right\"><\/i>\r\n\t\t\t\t\t\t\t\t\t\t\t\t\t\t\t\t\t\t\t\t\t\t\t\t\t\t\t<\/a>\r\n\t\t\t\t\t\t\t\t\t\t\t\t\t\t\t\t\t\t\t\t\t\t\t<\/div>\r\n\t\t\t\t\t\t\t\t\t\t<\/div>\r\n\t\t\t\t\t\t\t\t\t<\/div>\r\n\t\t\t\t\t\t\t\t<\/div>\r\n\t\t\t\t\t\t\t\t\t\t\t\t\t\t<div class=\"col-xl-4 col-lg-4 col-md-6\">\r\n\t\t\t\t\t\t\t\t\t<div class=\"our-services-wrapper mb-30 text-left\">\r\n\t\t\t\t\t\t\t\t\t\t\t\t\t\t\t\t\t\t\t\t\t<div class=\"our-services-img\">\r\n\t\t\t\t\t\t\t\t\t\t\t\t<img loading=\"lazy\" decoding=\"async\" width=\"726\" height=\"500\" src=\"https:\/\/tgedu.com.vn\/wp-content\/uploads\/2019\/10\/2.5-2-726x500.jpg\" class=\"attachment-torun-service-thumb size-torun-service-thumb wp-post-image\" alt=\"\" srcset=\"https:\/\/tgedu.com.vn\/wp-content\/uploads\/2019\/10\/2.5-2-726x500.jpg 726w, https:\/\/tgedu.com.vn\/wp-content\/uploads\/2019\/10\/2.5-2-18x12.jpg 18w\" sizes=\"auto, (max-width: 726px) 100vw, 726px\" \/>\t\t\t\t\t\t\t\t\t\t\t<\/div>\r\n\t\t\t\t\t\t\t\t\t\t\r\n\t\t\t\t\t\t\t\t\t\t<div class=\"our-services-content\">\r\n\t\t\t\t\t\t\t\t\t\t\t<div class=\"our-services-icon\">\r\n\t\t\t\t\t\t\t\t\t\t\t\t<i class=\"\"><\/i>\r\n\t\t\t\t\t\t\t\t\t\t\t<\/div>\r\n\t\t\t\t\t\t\t\t\t\t\t<div class=\"our-services-text\">\r\n\t\t\t\t\t\t\t\t\t\t\t\t<h3>Gia c\u00f4ng t\u1ea1i n\u01b0\u1edbc ngo\u00e0i<\/h3>\r\n\t\t\t\t\t\t\t\t\t\t\t\t<p>M\u1ea1ng l\u01b0\u1edbi c\u1ee7a ch\u00fang t\u00f4i l\u00e0 c\u00e1c c\u00f4ng ty BPO uy t\u00edn t\u1ea1i Vi\u1ec7t Nam,<\/p>\r\n\t\t\t\t\t\t\t\t\t\t\t\t\t\t\t\t\t\t\t\t\t\t\t\t\t<a href=\"https:\/\/tgedu.com.vn\/vi\/service\/%e6%b5%b7%e5%a4%96%e3%82%a2%e3%82%a6%e3%83%88%e3%82%bd%e3%83%bc%e3%82%b7%e3%83%b3%e3%82%b0\/\">Chi ti\u1ebft\t\t\t\t\t\t\t\t\t\t\t\t\t\t\t\t\t\t\t\t\t\t\t\t\t\t\t\t\t<i class=\"far fa-long-arrow-right\"><\/i>\r\n\t\t\t\t\t\t\t\t\t\t\t\t\t\t\t\t\t\t\t\t\t\t\t\t\t\t\t<\/a>\r\n\t\t\t\t\t\t\t\t\t\t\t\t\t\t\t\t\t\t\t\t\t\t\t<\/div>\r\n\t\t\t\t\t\t\t\t\t\t<\/div>\r\n\t\t\t\t\t\t\t\t\t<\/div>\r\n\t\t\t\t\t\t\t\t<\/div>\r\n\t\t\t\t\t\t\t\t\t\t\t\t\t\t<div class=\"col-xl-4 col-lg-4 col-md-6\">\r\n\t\t\t\t\t\t\t\t\t<div class=\"our-services-wrapper mb-30 text-left\">\r\n\t\t\t\t\t\t\t\t\t\t\t\t\t\t\t\t\t\t\t\t\t<div class=\"our-services-img\">\r\n\t\t\t\t\t\t\t\t\t\t\t\t<img loading=\"lazy\" decoding=\"async\" width=\"726\" height=\"500\" src=\"https:\/\/tgedu.com.vn\/wp-content\/uploads\/2019\/10\/2.4-2-726x500.jpg\" class=\"attachment-torun-service-thumb size-torun-service-thumb wp-post-image\" alt=\"\" srcset=\"https:\/\/tgedu.com.vn\/wp-content\/uploads\/2019\/10\/2.4-2-726x500.jpg 726w, https:\/\/tgedu.com.vn\/wp-content\/uploads\/2019\/10\/2.4-2-18x12.jpg 18w\" sizes=\"auto, (max-width: 726px) 100vw, 726px\" \/>\t\t\t\t\t\t\t\t\t\t\t<\/div>\r\n\t\t\t\t\t\t\t\t\t\t\r\n\t\t\t\t\t\t\t\t\t\t<div class=\"our-services-content\">\r\n\t\t\t\t\t\t\t\t\t\t\t<div class=\"our-services-icon\">\r\n\t\t\t\t\t\t\t\t\t\t\t\t<i class=\"\"><\/i>\r\n\t\t\t\t\t\t\t\t\t\t\t<\/div>\r\n\t\t\t\t\t\t\t\t\t\t\t<div class=\"our-services-text\">\r\n\t\t\t\t\t\t\t\t\t\t\t\t<h3>H\u1ed7 tr\u1ee3 \u0111\u00e0o t\u1ea1o<\/h3>\r\n\t\t\t\t\t\t\t\t\t\t\t\t<p>Ch\u00fang t\u00f4i k\u1ebft h\u1ee3p v\u1edbi c\u00e1c c\u01a1 s\u1edf gi\u00e1o d\u1ee5c, trung t\u00e2m ngo\u1ea1i ng\u1eef t\u1ea1i Vi\u1ec7t Nam v\u00e0<\/p>\r\n\t\t\t\t\t\t\t\t\t\t\t\t\t\t\t\t\t\t\t\t\t\t\t\t\t<a href=\"https:\/\/tgedu.com.vn\/vi\/service\/%e8%a8%93%e7%b7%b4%e6%94%af%e6%8f%b4\/\">Chi ti\u1ebft\t\t\t\t\t\t\t\t\t\t\t\t\t\t\t\t\t\t\t\t\t\t\t\t\t\t\t\t\t<i class=\"far fa-long-arrow-right\"><\/i>\r\n\t\t\t\t\t\t\t\t\t\t\t\t\t\t\t\t\t\t\t\t\t\t\t\t\t\t\t<\/a>\r\n\t\t\t\t\t\t\t\t\t\t\t\t\t\t\t\t\t\t\t\t\t\t\t<\/div>\r\n\t\t\t\t\t\t\t\t\t\t<\/div>\r\n\t\t\t\t\t\t\t\t\t<\/div>\r\n\t\t\t\t\t\t\t\t<\/div>\r\n\t\t\t\t\t\t\t\t\t\t\t\t\t\t<div class=\"col-xl-4 col-lg-4 col-md-6\">\r\n\t\t\t\t\t\t\t\t\t<div class=\"our-services-wrapper mb-30 text-left\">\r\n\t\t\t\t\t\t\t\t\t\t\t\t\t\t\t\t\t\t\t\t\t<div class=\"our-services-img\">\r\n\t\t\t\t\t\t\t\t\t\t\t\t<img loading=\"lazy\" decoding=\"async\" width=\"726\" height=\"500\" src=\"https:\/\/tgedu.com.vn\/wp-content\/uploads\/2019\/10\/travelling_around_the_world_wallpapers_of_hd10_jgnj-2-726x500.jpeg\" class=\"attachment-torun-service-thumb size-torun-service-thumb wp-post-image\" alt=\"\" srcset=\"https:\/\/tgedu.com.vn\/wp-content\/uploads\/2019\/10\/travelling_around_the_world_wallpapers_of_hd10_jgnj-2-726x500.jpeg 726w, https:\/\/tgedu.com.vn\/wp-content\/uploads\/2019\/10\/travelling_around_the_world_wallpapers_of_hd10_jgnj-2-18x12.jpeg 18w\" sizes=\"auto, (max-width: 726px) 100vw, 726px\" \/>\t\t\t\t\t\t\t\t\t\t\t<\/div>\r\n\t\t\t\t\t\t\t\t\t\t\r\n\t\t\t\t\t\t\t\t\t\t<div class=\"our-services-content\">\r\n\t\t\t\t\t\t\t\t\t\t\t<div class=\"our-services-icon\">\r\n\t\t\t\t\t\t\t\t\t\t\t\t<i class=\"\"><\/i>\r\n\t\t\t\t\t\t\t\t\t\t\t<\/div>\r\n\t\t\t\t\t\t\t\t\t\t\t<div class=\"our-services-text\">\r\n\t\t\t\t\t\t\t\t\t\t\t\t<h3>Du h\u1ecdc<\/h3>\r\n\t\t\t\t\t\t\t\t\t\t\t\t<p>Du h\u1ecdc l\u00e0 m\u1ed9t trong nh\u1eefng gi\u1ea5c m\u01a1 c\u1ee7a nhi\u1ec1u b\u1ea1n tr\u1ebb Vi\u1ec7t Nam. M\u1ee5c ti\u00eau c\u1ee7a<\/p>\r\n\t\t\t\t\t\t\t\t\t\t\t\t\t\t\t\t\t\t\t\t\t\t\t\t\t<a href=\"https:\/\/tgedu.com.vn\/vi\/service\/%e7%95%99%e5%ad%a6\/\">Chi ti\u1ebft\t\t\t\t\t\t\t\t\t\t\t\t\t\t\t\t\t\t\t\t\t\t\t\t\t\t\t\t\t<i class=\"far fa-long-arrow-right\"><\/i>\r\n\t\t\t\t\t\t\t\t\t\t\t\t\t\t\t\t\t\t\t\t\t\t\t\t\t\t\t<\/a>\r\n\t\t\t\t\t\t\t\t\t\t\t\t\t\t\t\t\t\t\t\t\t\t\t<\/div>\r\n\t\t\t\t\t\t\t\t\t\t<\/div>\r\n\t\t\t\t\t\t\t\t\t<\/div>\r\n\t\t\t\t\t\t\t\t<\/div>\r\n\t\t\t\t\t\t\t\t\t\t\t\t\t\t<div class=\"col-xl-4 col-lg-4 col-md-6\">\r\n\t\t\t\t\t\t\t\t\t<div class=\"our-services-wrapper mb-30 text-left\">\r\n\t\t\t\t\t\t\t\t\t\t\t\t\t\t\t\t\t\t\t\t\t<div class=\"our-services-img\">\r\n\t\t\t\t\t\t\t\t\t\t\t\t<img loading=\"lazy\" decoding=\"async\" width=\"726\" height=\"500\" src=\"https:\/\/tgedu.com.vn\/wp-content\/uploads\/2019\/10\/Anh-SV-Intern-2-726x500.jpg\" class=\"attachment-torun-service-thumb size-torun-service-thumb wp-post-image\" alt=\"\" srcset=\"https:\/\/tgedu.com.vn\/wp-content\/uploads\/2019\/10\/Anh-SV-Intern-2-726x500.jpg 726w, https:\/\/tgedu.com.vn\/wp-content\/uploads\/2019\/10\/Anh-SV-Intern-2-18x12.jpg 18w\" sizes=\"auto, (max-width: 726px) 100vw, 726px\" \/>\t\t\t\t\t\t\t\t\t\t\t<\/div>\r\n\t\t\t\t\t\t\t\t\t\t\r\n\t\t\t\t\t\t\t\t\t\t<div class=\"our-services-content\">\r\n\t\t\t\t\t\t\t\t\t\t\t<div class=\"our-services-icon\">\r\n\t\t\t\t\t\t\t\t\t\t\t\t<i class=\"\"><\/i>\r\n\t\t\t\t\t\t\t\t\t\t\t<\/div>\r\n\t\t\t\t\t\t\t\t\t\t\t<div class=\"our-services-text\">\r\n\t\t\t\t\t\t\t\t\t\t\t\t<h3>Th\u1ef1c t\u1eadp t\u1ea1i Nh\u1eadt B\u1ea3n<\/h3>\r\n\t\t\t\t\t\t\t\t\t\t\t\t<p>L\u00e0 c\u01a1 h\u1ed9i \u0111\u1ec3 t\u00ecm hi\u1ec3u v\u00e0 tr\u1ea3i nghi\u1ec7m m\u00f4i tr\u01b0\u1eddng l\u00e0m vi\u1ec7c th\u1ef1c t\u1ebf t\u1ea1i c\u00e1c<\/p>\r\n\t\t\t\t\t\t\t\t\t\t\t\t\t\t\t\t\t\t\t\t\t\t\t\t\t<a href=\"https:\/\/tgedu.com.vn\/vi\/service\/%e5%a4%96%e5%9b%bd%e4%ba%ba%e3%82%a4%e3%83%b3%e3%82%bf%e3%83%bc%e3%83%b3%e3%82%b7%e3%83%83%e3%83%97\/\">Chi ti\u1ebft\t\t\t\t\t\t\t\t\t\t\t\t\t\t\t\t\t\t\t\t\t\t\t\t\t\t\t\t\t<i class=\"far fa-long-arrow-right\"><\/i>\r\n\t\t\t\t\t\t\t\t\t\t\t\t\t\t\t\t\t\t\t\t\t\t\t\t\t\t\t<\/a>\r\n\t\t\t\t\t\t\t\t\t\t\t\t\t\t\t\t\t\t\t\t\t\t\t<\/div>\r\n\t\t\t\t\t\t\t\t\t\t<\/div>\r\n\t\t\t\t\t\t\t\t\t<\/div>\r\n\t\t\t\t\t\t\t\t<\/div>\r\n\t\t\t\t\t\t\t\t\t\t\t\t\t\t<div class=\"col-xl-4 col-lg-4 col-md-6\">\r\n\t\t\t\t\t\t\t\t\t<div class=\"our-services-wrapper mb-30 text-left\">\r\n\t\t\t\t\t\t\t\t\t\t\t\t\t\t\t\t\t\t\t\t\t<div class=\"our-services-img\">\r\n\t\t\t\t\t\t\t\t\t\t\t\t<img loading=\"lazy\" decoding=\"async\" width=\"726\" height=\"500\" src=\"https:\/\/tgedu.com.vn\/wp-content\/uploads\/2019\/10\/Dich-vu-3-2-726x500.jpg\" class=\"attachment-torun-service-thumb size-torun-service-thumb wp-post-image\" alt=\"\" srcset=\"https:\/\/tgedu.com.vn\/wp-content\/uploads\/2019\/10\/Dich-vu-3-2-726x500.jpg 726w, https:\/\/tgedu.com.vn\/wp-content\/uploads\/2019\/10\/Dich-vu-3-2-18x12.jpg 18w\" sizes=\"auto, (max-width: 726px) 100vw, 726px\" \/>\t\t\t\t\t\t\t\t\t\t\t<\/div>\r\n\t\t\t\t\t\t\t\t\t\t\r\n\t\t\t\t\t\t\t\t\t\t<div class=\"our-services-content\">\r\n\t\t\t\t\t\t\t\t\t\t\t<div class=\"our-services-icon\">\r\n\t\t\t\t\t\t\t\t\t\t\t\t<i class=\"\"><\/i>\r\n\t\t\t\t\t\t\t\t\t\t\t<\/div>\r\n\t\t\t\t\t\t\t\t\t\t\t<div class=\"our-services-text\">\r\n\t\t\t\t\t\t\t\t\t\t\t\t<h3>Gi\u1edbi thi\u1ec7u nh\u00e2n l\u1ef1c<\/h3>\r\n\t\t\t\t\t\t\t\t\t\t\t\t<p>Gi\u1edbi thi\u1ec7u k\u1ef9 thu\u1eadt vi\u00ean, nh\u00e2n l\u1ef1c ch\u1ea5t l\u01b0\u1ee3ng cao ng\u01b0\u1eddi n\u01b0\u1edbc ngo\u00e0i,<\/p>\r\n\t\t\t\t\t\t\t\t\t\t\t\t\t\t\t\t\t\t\t\t\t\t\t\t\t<a href=\"https:\/\/tgedu.com.vn\/vi\/service\/%e4%ba%ba%e6%9d%90%e7%b4%b9%e4%bb%8b\/\">Chi ti\u1ebft\t\t\t\t\t\t\t\t\t\t\t\t\t\t\t\t\t\t\t\t\t\t\t\t\t\t\t\t\t<i class=\"far fa-long-arrow-right\"><\/i>\r\n\t\t\t\t\t\t\t\t\t\t\t\t\t\t\t\t\t\t\t\t\t\t\t\t\t\t\t<\/a>\r\n\t\t\t\t\t\t\t\t\t\t\t\t\t\t\t\t\t\t\t\t\t\t\t<\/div>\r\n\t\t\t\t\t\t\t\t\t\t<\/div>\r\n\t\t\t\t\t\t\t\t\t<\/div>\r\n\t\t\t\t\t\t\t\t<\/div>\r\n\t\t\t\t\t\t\t\t\t\t\t\t\t\t<div class=\"col-xl-4 col-lg-4 col-md-6\">\r\n\t\t\t\t\t\t\t\t\t<div class=\"our-services-wrapper mb-30 text-left\">\r\n\t\t\t\t\t\t\t\t\t\t\t\t\t\t\t\t\t\t\t\t\t<div class=\"our-services-img\">\r\n\t\t\t\t\t\t\t\t\t\t\t\t<img loading=\"lazy\" decoding=\"async\" width=\"726\" height=\"500\" src=\"https:\/\/tgedu.com.vn\/wp-content\/uploads\/2022\/11\/2.6-2-726x500.jpeg\" class=\"attachment-torun-service-thumb size-torun-service-thumb wp-post-image\" alt=\"\" srcset=\"https:\/\/tgedu.com.vn\/wp-content\/uploads\/2022\/11\/2.6-2-726x500.jpeg 726w, https:\/\/tgedu.com.vn\/wp-content\/uploads\/2022\/11\/2.6-2-18x12.jpeg 18w\" sizes=\"auto, (max-width: 726px) 100vw, 726px\" \/>\t\t\t\t\t\t\t\t\t\t\t<\/div>\r\n\t\t\t\t\t\t\t\t\t\t\r\n\t\t\t\t\t\t\t\t\t\t<div class=\"our-services-content\">\r\n\t\t\t\t\t\t\t\t\t\t\t<div class=\"our-services-icon\">\r\n\t\t\t\t\t\t\t\t\t\t\t\t<i class=\"\"><\/i>\r\n\t\t\t\t\t\t\t\t\t\t\t<\/div>\r\n\t\t\t\t\t\t\t\t\t\t\t<div class=\"our-services-text\">\r\n\t\t\t\t\t\t\t\t\t\t\t\t<h3>T\u01b0 v\u1ea5n v\u00e0 x\u00fac ti\u1ebfn \u0111\u1ea7u t\u01b0 n\u01b0\u1edbc ngo\u00e0i<\/h3>\r\n\t\t\t\t\t\t\t\t\t\t\t\t<p>Ch\u00fang t\u00f4i cung c\u1ea5p c\u00e1c d\u1ecbch v\u1ee5 \"Nghi\u00ean c\u1ee9u th\u1ecb tr\u01b0\u1eddng\/Marketing\"<\/p>\r\n\t\t\t\t\t\t\t\t\t\t\t\t\t\t\t\t\t\t\t\t\t\t\t\t\t<a href=\"https:\/\/tgedu.com.vn\/vi\/service\/%e5%a4%96%e5%9b%bd%e6%8a%95%e8%b3%87%e3%81%ae%e3%82%b3%e3%83%b3%e3%82%b5%e3%83%ab%e3%83%86%e3%82%a3%e3%83%b3%e3%82%b0%e3%81%8a%e3%82%88%e3%81%b3%e4%bf%83%e9%80%b2\/\">Chi ti\u1ebft\t\t\t\t\t\t\t\t\t\t\t\t\t\t\t\t\t\t\t\t\t\t\t\t\t\t\t\t\t<i class=\"far fa-long-arrow-right\"><\/i>\r\n\t\t\t\t\t\t\t\t\t\t\t\t\t\t\t\t\t\t\t\t\t\t\t\t\t\t\t<\/a>\r\n\t\t\t\t\t\t\t\t\t\t\t\t\t\t\t\t\t\t\t\t\t\t\t<\/div>\r\n\t\t\t\t\t\t\t\t\t\t<\/div>\r\n\t\t\t\t\t\t\t\t\t<\/div>\r\n\t\t\t\t\t\t\t\t<\/div>\r\n\t\t\t\t\t\t\t\t\t\t\t<\/div>\r\n\r\n\t\t\t\t\t\t\t\t\t<\/div>\r\n\t\t\t<\/div>\r\n\t\t\t<!-- our-services-area-end -->\r\n\r\n\t\t\r\n\t\t<\/div>\n\t\t\t\t<\/div>\n\t\t\t\t\t<\/div>\n\t\t<\/div>\n\t\t\t\t\t\t\t<\/div>\n\t\t<\/section>\n\t\t\t\t\t\t\t<\/div>","protected":false},"excerpt":{"rendered":"<p>\u4e8b\u696d\u7d39\u4ecb \u8ce2\u304f\u30fb\u52e4\u52c9\u30fb\u5668\u7528\u30fb\u719f<\/p>","protected":false},"author":1,"featured_media":0,"parent":0,"menu_order":0,"comment_status":"closed","ping_status":"closed","template":"elementor_header_footer","meta":{"_monsterinsights_skip_tracking":false,"_monsterinsights_sitenote_active":false,"_monsterinsights_sitenote_note":"","_monsterinsights_sitenote_category":0,"footnotes":""},"class_list":["post-414","page","type-page","status-publish","hentry"],"_links":{"self":[{"href":"https:\/\/tgedu.com.vn\/vi\/wp-json\/wp\/v2\/pages\/414","targetHints":{"allow":["GET"]}}],"collection":[{"href":"https:\/\/tgedu.com.vn\/vi\/wp-json\/wp\/v2\/pages"}],"about":[{"href":"https:\/\/tgedu.com.vn\/vi\/wp-json\/wp\/v2\/types\/page"}],"author":[{"embeddable":true,"href":"https:\/\/tgedu.com.vn\/vi\/wp-json\/wp\/v2\/users\/1"}],"replies":[{"embeddable":true,"href":"https:\/\/tgedu.com.vn\/vi\/wp-json\/wp\/v2\/comments?post=414"}],"version-history":[{"count":7,"href":"https:\/\/tgedu.com.vn\/vi\/wp-json\/wp\/v2\/pages\/414\/revisions"}],"predecessor-version":[{"id":2665,"href":"https:\/\/tgedu.com.vn\/vi\/wp-json\/wp\/v2\/pages\/414\/revisions\/2665"}],"wp:attachment":[{"href":"https:\/\/tgedu.com.vn\/vi\/wp-json\/wp\/v2\/media?parent=414"}],"curies":[{"name":"wp","href":"https:\/\/api.w.org\/{rel}","templated":true}]}}