{"id":681,"date":"2019-10-23T10:43:29","date_gmt":"2019-10-23T10:43:29","guid":{"rendered":"http:\/\/bdevs.net\/theme\/torun\/?page_id=681"},"modified":"2022-11-17T14:58:16","modified_gmt":"2022-11-17T14:58:16","slug":"%e3%81%8a%e5%95%8f%e3%81%84%e5%90%88%e3%82%8f%e3%81%9b","status":"publish","type":"page","link":"https:\/\/tgedu.com.vn\/vi\/%e3%81%8a%e5%95%8f%e3%81%84%e5%90%88%e3%82%8f%e3%81%9b\/","title":{"rendered":"Li\u00ean h\u1ec7"},"content":{"rendered":"<div data-elementor-type=\"wp-page\" data-elementor-id=\"681\" class=\"elementor elementor-681\">\n\t\t\t\t\t\t\t\t\t<section class=\"elementor-section elementor-top-section elementor-element elementor-element-4212c63 elementor-section-full_width elementor-section-height-default elementor-section-height-default\" data-id=\"4212c63\" data-element_type=\"section\">\n\t\t\t\t\t\t<div class=\"elementor-container elementor-column-gap-no\">\n\t\t\t\t\t<div class=\"elementor-column elementor-col-100 elementor-top-column elementor-element elementor-element-8c51109\" data-id=\"8c51109\" data-element_type=\"column\">\n\t\t\t<div class=\"elementor-widget-wrap elementor-element-populated\">\n\t\t\t\t\t\t\t\t<div class=\"elementor-element elementor-element-e7d671b elementor-widget elementor-widget-google_maps\" data-id=\"e7d671b\" data-element_type=\"widget\" data-widget_type=\"google_maps.default\">\n\t\t\t\t<div class=\"elementor-widget-container\">\n\t\t\t<style>\/*! elementor - v3.8.0 - 30-10-2022 *\/\n.elementor-widget-google_maps .elementor-widget-container{overflow:hidden}.elementor-widget-google_maps iframe{height:300px}<\/style>\t\t<div class=\"elementor-custom-embed\">\n\t\t\t<iframe frameborder=\"0\" scrolling=\"no\" marginheight=\"0\" marginwidth=\"0\"\n\t\t\t\t\tsrc=\"https:\/\/maps.google.com\/maps?q=XPWM%2BJ4C%2C%20An%20Kh%C3%A1nh%2C%20Ho%C3%A0i%20%C4%90%E1%BB%A9c%2C%20H%C3%A0%20N%E1%BB%99i&#038;t=m&#038;z=15&#038;output=embed&#038;iwloc=near\"\n\t\t\t\t\ttitle=\"XPWM+J4C, An Kh\u00e1nh, Ho\u00e0i \u0110\u1ee9c, H\u00e0 N\u1ed9i\"\n\t\t\t\t\taria-label=\"XPWM+J4C, An Kh\u00e1nh, Ho\u00e0i \u0110\u1ee9c, H\u00e0 N\u1ed9i\"\n\t\t\t><\/iframe>\n\t\t<\/div>\n\t\t\t\t<\/div>\n\t\t\t\t<\/div>\n\t\t\t\t\t<\/div>\n\t\t<\/div>\n\t\t\t\t\t\t\t<\/div>\n\t\t<\/section>\n\t\t\t\t<section class=\"elementor-section elementor-top-section elementor-element elementor-element-97bfe4d elementor-section-height-min-height elementor-section-boxed elementor-section-height-default elementor-section-items-middle\" data-id=\"97bfe4d\" data-element_type=\"section\">\n\t\t\t\t\t\t<div class=\"elementor-container elementor-column-gap-default\">\n\t\t\t\t\t<div class=\"elementor-column elementor-col-100 elementor-top-column elementor-element elementor-element-f2ac259\" data-id=\"f2ac259\" data-element_type=\"column\">\n\t\t\t<div class=\"elementor-widget-wrap elementor-element-populated\">\n\t\t\t\t\t\t\t\t<div class=\"elementor-element elementor-element-74b085d elementor-align-left elementor-widget elementor-widget-bdevs-contact-info\" data-id=\"74b085d\" data-element_type=\"widget\" data-widget_type=\"bdevs-contact-info.default\">\n\t\t\t\t<div class=\"elementor-widget-container\">\n\t\t\t\r\n           <!-- contact-area start -->\r\n            <section class=\"contact-info-area\">\r\n                <div class=\"container\">\r\n                    <div class=\"row\">\r\n                    \t                        \t\r\n\t\t                        <div class=\"col-xl-4 col-lg-4 col-md-4\">\r\n\t\t                            <div class=\"contact text-center mb-30\" data-background=\"https:\/\/tgedu.com.vn\/wp-content\/uploads\/2019\/10\/contact-bg.png\" style=\"background-color: #091B29;\">\r\n\t\t\t                        \t\t\t\t                            \t<i class=\"fal fa-envelope-open\"><\/i>\r\n\t\t\t                        \t\t\r\n\t\t\t\t                       \t\t\t\t\t\t\t\t\t\t\t<h3>\u0110\u1ecba ch\u1ec9 mail<\/h3>\r\n\t\t\t\t\t\t\t\t\t\t\t\r\n\r\n\t\t\t \t\t\t\t\t\t\t\t\t\t\t\t\t\t\t\t\t\t<p>info@tgedu.vn<\/p>\n\t\t\t\t\t\t\t\t\t\t\r\n\t\t                            <\/div>\r\n\t\t                        <\/div>\r\n                                                \t\r\n\t\t                        <div class=\"col-xl-4 col-lg-4 col-md-4\">\r\n\t\t                            <div class=\"contact text-center mb-30\" data-background=\"https:\/\/tgedu.com.vn\/wp-content\/uploads\/2019\/10\/contact-bg.png\" style=\"background-color: #091B29;\">\r\n\t\t\t                        \t\t\t\t                            \t<i class=\"fal fa-map-marker-alt\"><\/i>\r\n\t\t\t                        \t\t\r\n\t\t\t\t                       \t\t\t\t\t\t\t\t\t\t\t<h3>\u0110\u1ecba ch\u1ec9<\/h3>\r\n\t\t\t\t\t\t\t\t\t\t\t\r\n\r\n\t\t\t \t\t\t\t\t\t\t\t\t\t\t\t\t\t\t\t\t\t<p>No1 E7, Truong Phat, Truong An, An Khanh, Hoai Duc, Ha Noi<\/p>\t\t\t\t\t\t\t\t\t\t\r\n\t\t                            <\/div>\r\n\t\t                        <\/div>\r\n                                                \t\r\n\t\t                        <div class=\"col-xl-4 col-lg-4 col-md-4\">\r\n\t\t                            <div class=\"contact text-center mb-30\" data-background=\"https:\/\/tgedu.com.vn\/wp-content\/uploads\/2019\/10\/contact-bg.png\" style=\"background-color: #091B29;\">\r\n\t\t\t                        \t\t\t\t                            \t<i class=\"fal fa-phone\"><\/i>\r\n\t\t\t                        \t\t\r\n\t\t\t\t                       \t\t\t\t\t\t\t\t\t\t\t<h3>S\u1ed1 \u0111i\u1ec7n tho\u1ea1i<\/h3>\r\n\t\t\t\t\t\t\t\t\t\t\t\r\n\r\n\t\t\t \t\t\t\t\t\t\t\t\t\t\t\t\t\t\t\t\t\t<p>(+84) 338 883 503<\/p>\n\t\t\t\t\t\t\t\t\t\t\r\n\t\t                            <\/div>\r\n\t\t                        <\/div>\r\n                                            <\/div>\r\n                <\/div>\r\n            <\/section>\r\n            <!-- contact-area end -->\r\n        \t\r\n\t\t\t<\/div>\n\t\t\t\t<\/div>\n\t\t\t\t<div class=\"elementor-element elementor-element-ed829ea elementor-widget elementor-widget-heading\" data-id=\"ed829ea\" data-element_type=\"widget\" data-widget_type=\"heading.default\">\n\t\t\t\t<div class=\"elementor-widget-container\">\n\t\t\t<style>\/*! elementor - v3.8.0 - 30-10-2022 *\/\n.elementor-heading-title{padding:0;margin:0;line-height:1}.elementor-widget-heading .elementor-heading-title[class*=elementor-size-]>a{color:inherit;font-size:inherit;line-height:inherit}.elementor-widget-heading .elementor-heading-title.elementor-size-small{font-size:15px}.elementor-widget-heading .elementor-heading-title.elementor-size-medium{font-size:19px}.elementor-widget-heading .elementor-heading-title.elementor-size-large{font-size:29px}.elementor-widget-heading .elementor-heading-title.elementor-size-xl{font-size:39px}.elementor-widget-heading .elementor-heading-title.elementor-size-xxl{font-size:59px}<\/style><h2 class=\"elementor-heading-title elementor-size-default\">Li\u00ean h\u1ec7<\/h2>\t\t<\/div>\n\t\t\t\t<\/div>\n\t\t\t\t<div class=\"elementor-element elementor-element-a3c834b elementor-widget elementor-widget-text-editor\" data-id=\"a3c834b\" data-element_type=\"widget\" data-widget_type=\"text-editor.default\">\n\t\t\t\t<div class=\"elementor-widget-container\">\n\t\t\t<style>\/*! elementor - v3.8.0 - 30-10-2022 *\/\n.elementor-widget-text-editor.elementor-drop-cap-view-stacked .elementor-drop-cap{background-color:#818a91;color:#fff}.elementor-widget-text-editor.elementor-drop-cap-view-framed .elementor-drop-cap{color:#818a91;border:3px solid;background-color:transparent}.elementor-widget-text-editor:not(.elementor-drop-cap-view-default) .elementor-drop-cap{margin-top:8px}.elementor-widget-text-editor:not(.elementor-drop-cap-view-default) .elementor-drop-cap-letter{width:1em;height:1em}.elementor-widget-text-editor .elementor-drop-cap{float:left;text-align:center;line-height:1;font-size:50px}.elementor-widget-text-editor .elementor-drop-cap-letter{display:inline-block}<\/style>\t\t\t\t<p><div role=\"form\" class=\"wpcf7\" id=\"wpcf7-f2065-o1\" lang=\"en-US\" dir=\"ltr\">\n<div class=\"screen-reader-response\"><p role=\"status\" aria-live=\"polite\" aria-atomic=\"true\"><\/p> <ul><\/ul><\/div>\n<form action=\"\/vi\/wp-json\/wp\/v2\/pages\/681#wpcf7-f2065-o1\" method=\"post\" class=\"wpcf7-form init\" novalidate=\"novalidate\" data-status=\"init\" data-trp-original-action=\"\/vi\/wp-json\/wp\/v2\/pages\/681#wpcf7-f2065-o1\">\n<div style=\"display: none;\">\n<input type=\"hidden\" name=\"_wpcf7\" value=\"2065\" \/>\n<input type=\"hidden\" name=\"_wpcf7_version\" value=\"5.6.4\" \/>\n<input type=\"hidden\" name=\"_wpcf7_locale\" value=\"en_US\" \/>\n<input type=\"hidden\" name=\"_wpcf7_unit_tag\" value=\"wpcf7-f2065-o1\" \/>\n<input type=\"hidden\" name=\"_wpcf7_container_post\" value=\"0\" \/>\n<input type=\"hidden\" name=\"_wpcf7_posted_data_hash\" value=\"\" \/>\n<\/div>\n<p>T\u00ean c\u00f4ng ty \/ t\u1ed5 ch\u1ee9c\t\t(b\u1eaft bu\u1ed9c)<br \/>\n    <span class=\"wpcf7-form-control-wrap\" data-name=\"your-company-name\"><input type=\"text\" name=\"your-company-name\" value=\"\" size=\"40\" class=\"wpcf7-form-control wpcf7-text wpcf7-validates-as-required\" aria-required=\"true\" aria-invalid=\"false\" \/><\/span> <\/p>\n<p>L\u0129nh v\u1ef1c kinh doanh\t\t(b\u1eaft bu\u1ed9c)<br \/>\n    <span class=\"wpcf7-form-control-wrap\" data-name=\"your-Business-content\"><input type=\"text\" name=\"your-Business-content\" value=\"\" size=\"40\" class=\"wpcf7-form-control wpcf7-text wpcf7-validates-as-required\" aria-required=\"true\" aria-invalid=\"false\" \/><\/span> <\/p>\n<p>M\u00e3 b\u01b0u \u0111i\u1ec7n\t\t(b\u1eaft bu\u1ed9c)<br \/>\n    <span class=\"wpcf7-form-control-wrap\" data-name=\"number-455\"><input type=\"number\" name=\"number-455\" value=\"\" class=\"wpcf7-form-control wpcf7-number wpcf7-validates-as-number\" aria-invalid=\"false\" \/><\/span><\/p>\n<p>\u0110\u1ecba ch\u1ec9\t\t(b\u1eaft bu\u1ed9c)<br \/>\n    <span class=\"wpcf7-form-control-wrap\" data-name=\"your-address\"><input type=\"text\" name=\"your-address\" value=\"\" size=\"40\" class=\"wpcf7-form-control wpcf7-text wpcf7-validates-as-required\" aria-required=\"true\" aria-invalid=\"false\" \/><\/span> <\/p>\n<p>T\u00ean ng\u01b0\u1eddi ph\u1ee5 tr\u00e1ch\t\t(b\u1eaft bu\u1ed9c)<br \/>\n    <span class=\"wpcf7-form-control-wrap\" data-name=\"your-contact-person\"><input type=\"text\" name=\"your-contact-person\" value=\"\" size=\"40\" class=\"wpcf7-form-control wpcf7-text wpcf7-validates-as-required\" aria-required=\"true\" aria-invalid=\"false\" \/><\/span><\/p>\n<p>B\u1ed9 ph\u1eadn  \/ v\u1ecb tr\u00ed<br \/>\n    <span class=\"wpcf7-form-control-wrap\" data-name=\"Position\"><input type=\"text\" name=\"Position\" value=\"\" size=\"40\" class=\"wpcf7-form-control wpcf7-text wpcf7-validates-as-required\" aria-required=\"true\" aria-invalid=\"false\" \/><\/span> <\/p>\n<p>Tel\t\t(b\u1eaft bu\u1ed9c)<br \/>\n    <span class=\"wpcf7-form-control-wrap\" data-name=\"number-333\"><input type=\"number\" name=\"number-333\" value=\"\" class=\"wpcf7-form-control wpcf7-number wpcf7-validates-as-number\" aria-invalid=\"false\" \/><\/span> <\/p>\n<p>Fax<br \/>\n    <span class=\"wpcf7-form-control-wrap\" data-name=\"number-334\"><input type=\"number\" name=\"number-334\" value=\"\" class=\"wpcf7-form-control wpcf7-number wpcf7-validates-as-number\" aria-invalid=\"false\" \/><\/span><\/p>\n<p>Email\t\t(b\u1eaft bu\u1ed9c)<br \/>\n    <span class=\"wpcf7-form-control-wrap\" data-name=\"your-email\"><input type=\"email\" name=\"your-email\" value=\"\" size=\"40\" class=\"wpcf7-form-control wpcf7-text wpcf7-email wpcf7-validates-as-required wpcf7-validates-as-email\" aria-required=\"true\" aria-invalid=\"false\" \/><\/span><\/p>\n<p>Facebook<br \/>\n    <span class=\"wpcf7-form-control-wrap\" data-name=\"your-facebook\"><input type=\"text\" name=\"your-facebook\" value=\"\" size=\"40\" class=\"wpcf7-form-control wpcf7-text\" aria-invalid=\"false\" \/><\/span><\/p>\n<p>T\u00ecnh tr\u1ea1ng ti\u1ebfp nh\u1eadn<br \/>\n    <span class=\"wpcf7-form-control-wrap\" data-name=\"radio-520\"><span class=\"wpcf7-form-control wpcf7-radio\"><span class=\"wpcf7-list-item first\"><input type=\"radio\" name=\"radio-520\" value=\"\u65b0\u898f\u306b\u30d9\u30c8\u30ca\u30e0\u4eba\u5c31\u52b4\u8005\uff08\u6280\u80fd\u5b9f\u7fd2\u751f\u3001\u7279\u5b9a\u6280\u80fd\u5916\u56fd\u4eba\u3001\u30a4\u30f3\u30bf\u30fc\u30f3\u30b7\u30c3\u30d7\u751f\u30fb\u6280\u8853\u8005\uff09\u306e\u53d7\u5165\u308c\u3092\u691c\u8a0e\u4e2d\u3002\" checked=\"checked\" \/><span class=\"wpcf7-list-item-label\">\u0110ang xem x\u00e9t ti\u1ebfp nh\u1eadn lao \u0111\u1ed9ng Vi\u1ec7t Nam m\u1edbi (TTS KN, lao \u0111\u1ed9ng k\u1ef9 n\u0103ng \u0111\u1eb7c \u0111\u1ecbnh, sinh vi\u00ean th\u1ef1c t\u1eadp, k\u1ef9 thu\u1eadt vi\u00ean,...)<\/span><\/span><span class=\"wpcf7-list-item\"><input type=\"radio\" name=\"radio-520\" value=\"\u73fe\u5728\u5916\u56fd\u4eba\u5c31\u52b4\u8005\u3092\u53d7\u5165\u308c\u3066\u3044\u308b\u3002\" \/><span class=\"wpcf7-list-item-label\">Hi\u1ec7n \u0111ang ti\u1ebfp nh\u1eadn lao \u0111\u1ed9ng n\u01b0\u1edbc ngo\u00e0i<\/span><\/span><span class=\"wpcf7-list-item last\"><input type=\"radio\" name=\"radio-520\" value=\"\u904e\u53bb\u306b\u5916\u56fd\u4eba\u5c31\u52b4\u8005\u3092\u53d7\u5165\u308c\u3066\u3044\u305f\u3002\" \/><span class=\"wpcf7-list-item-label\">\u0110\u00e3 ti\u1ebfp nh\u1eadn lao \u0111\u1ed9ng n\u01b0\u1edbc ngo\u00e0i trong qu\u00e1 kh\u1ee9<\/span><\/span><\/span><\/span><br \/>\n    T\u00ean qu\u1ed1c gia c\u1ee7a ng\u01b0\u1eddi lao \u0111\u1ed9ng \u0111\u01b0\u1ee3c ti\u1ebfp nh\u1eadn hi\u1ec7n t\u1ea1i ho\u1eb7c trong qu\u00e1 kh\u1ee9 <span class=\"wpcf7-form-control-wrap\" data-name=\"text-902\"><input type=\"text\" name=\"text-902\" value=\"\" size=\"40\" class=\"wpcf7-form-control wpcf7-text wpcf7-validates-as-required\" aria-required=\"true\" aria-invalid=\"false\" \/><\/span><\/p>\n<p>N\u1ed9i dung trao \u0111\u1ed5i\t\t(b\u1eaft bu\u1ed9c)<br \/>\n    <span class=\"wpcf7-form-control-wrap\" data-name=\"textarea-512\"><textarea name=\"textarea-512\" cols=\"40\" rows=\"10\" class=\"wpcf7-form-control wpcf7-textarea\" aria-invalid=\"false\"><\/textarea><\/span><\/p>\n<p><a href=\"https:\/\/tgedu.com.vn\/vi\/\u500b\u4eba\u60c5\u5831\u4fdd\u8b77\u65b9\u91dd\/\" target=\"_blank\" rel=\"noreferrer noopener\">Ch\u00ednh s\u00e1ch b\u1ea3o m\u1eadt th\u00f4ng tin c\u00e1 nh\u00e2n<\/a><\/p>\n<p><input type=\"submit\" value=\"X\u00e1c nh\u1eadn\" class=\"wpcf7-form-control has-spinner wpcf7-submit\" \/><\/p>\n<div class=\"wpcf7-response-output\" aria-hidden=\"true\"><\/div><input type=\"hidden\" name=\"trp-form-language\" value=\"vi\"\/><\/form><\/div><\/p>\t\t\t\t\t\t<\/div>\n\t\t\t\t<\/div>\n\t\t\t\t\t<\/div>\n\t\t<\/div>\n\t\t\t\t\t\t\t<\/div>\n\t\t<\/section>\n\t\t\t\t\t\t\t<\/div>","protected":false},"excerpt":{"rendered":"<p>\u30e1\u30fc\u30eb\u30a2\u30c9\u30ec\u30b9 info@tgedu.vn \u4f4f\u6240 No1 E7, Truong Phat, Truong An [&hellip;]<\/p>","protected":false},"author":1,"featured_media":0,"parent":0,"menu_order":0,"comment_status":"closed","ping_status":"closed","template":"elementor_header_footer","meta":{"_monsterinsights_skip_tracking":false,"_monsterinsights_sitenote_active":false,"_monsterinsights_sitenote_note":"","_monsterinsights_sitenote_category":0,"footnotes":""},"class_list":["post-681","page","type-page","status-publish","hentry"],"_links":{"self":[{"href":"https:\/\/tgedu.com.vn\/vi\/wp-json\/wp\/v2\/pages\/681","targetHints":{"allow":["GET"]}}],"collection":[{"href":"https:\/\/tgedu.com.vn\/vi\/wp-json\/wp\/v2\/pages"}],"about":[{"href":"https:\/\/tgedu.com.vn\/vi\/wp-json\/wp\/v2\/types\/page"}],"author":[{"embeddable":true,"href":"https:\/\/tgedu.com.vn\/vi\/wp-json\/wp\/v2\/users\/1"}],"replies":[{"embeddable":true,"href":"https:\/\/tgedu.com.vn\/vi\/wp-json\/wp\/v2\/comments?post=681"}],"version-history":[{"count":28,"href":"https:\/\/tgedu.com.vn\/vi\/wp-json\/wp\/v2\/pages\/681\/revisions"}],"predecessor-version":[{"id":2200,"href":"https:\/\/tgedu.com.vn\/vi\/wp-json\/wp\/v2\/pages\/681\/revisions\/2200"}],"wp:attachment":[{"href":"https:\/\/tgedu.com.vn\/vi\/wp-json\/wp\/v2\/media?parent=681"}],"curies":[{"name":"wp","href":"https:\/\/api.w.org\/{rel}","templated":true}]}}